{"id":1090,"date":"2018-10-16T00:02:12","date_gmt":"2018-10-15T22:02:12","guid":{"rendered":"https:\/\/www.fontainecouture.fr\/?page_id=1090"},"modified":"2021-02-24T12:35:09","modified_gmt":"2021-02-24T11:35:09","slug":"news","status":"publish","type":"page","link":"https:\/\/www.fontainecouture.fr\/en\/news\/","title":{"rendered":"News"},"content":{"rendered":"<div class=\"wpb-content-wrapper\">[vc_row full_width=&#8221;stretch_row&#8221; column_spacing=&#8221;0px&#8221; typography_style=&#8221;light&#8221; remove_bottom_col_margin=&#8221;true&#8221; bg_style=&#8221;stretch&#8221; style=&#8221;light&#8221; no_margins=&#8221;true&#8221; css=&#8221;.vc_custom_1541449265788{padding-top: 140px !important;padding-bottom: 140px !important;background-image: url(http:\/\/www.fontainecouture.fr\/wp-content\/uploads\/2015\/04\/21dn.jpg?id=90) !important;background-position: center !important;background-repeat: no-repeat !important;background-size: cover !important;}&#8221;][vc_column]<style>.vcex-heading.vcex_6a058021a99bb{color:#000000;font-size:36px;font-weight:700;}<\/style><h1 class=\"vcex-heading vcex-heading-plain vcex-module wpex-heading wpex-text-2xl wpex-text-left vcex_6a058021a99bb\"><span class=\"vcex-heading-inner wpex-inline-block\">news<\/span><\/h1><div class=\"vcex-spacing wpex-w-100 wpex-clear\" style=\"height:10px;\"><\/div>[\/vc_column][\/vc_row][vc_row css=&#8221;.vc_custom_1541449235206{padding-bottom: 20px !important;}&#8221;][vc_column][vc_basic_grid post_type=&#8221;post&#8221; max_items=&#8221;10&#8243; style=&#8221;lazy&#8221; grid_id=&#8221;vc_gid:1541673214771-6781b89ceefc667b7b9245ac7738a8aa-6&#8243;][\/vc_column][\/vc_row]\n<\/div>","protected":false},"excerpt":{"rendered":"<p>[vc_row full_width=&#8221;stretch_row&#8221; column_spacing=&#8221;0px&#8221; typography_style=&#8221;light&#8221; remove_bottom_col_margin=&#8221;true&#8221; bg_style=&#8221;stretch&#8221; style=&#8221;light&#8221; no_margins=&#8221;true&#8221; css=&#8221;.vc_custom_1541449265788{padding-top: 140px !important;padding-bottom: 140px !important;background-image: url(http:\/\/www.fontainecouture.fr\/wp-content\/uploads\/2015\/04\/21dn.jpg?id=90) !important;background-position: center !important;background-repeat: no-repeat !important;background-size: cover !important;}&#8221;][vc_column][\/vc_column][\/vc_row][vc_row css=&#8221;.vc_custom_1541449235206{padding-bottom: 20px !important;}&#8221;][vc_column][vc_basic_grid post_type=&#8221;post&#8221; max_items=&#8221;10&#8243; style=&#8221;lazy&#8221; grid_id=&#8221;vc_gid:1541673214771-6781b89ceefc667b7b9245ac7738a8aa-6&#8243;][\/vc_column][\/vc_row]<\/p>\n","protected":false},"author":1,"featured_media":0,"parent":0,"menu_order":0,"comment_status":"open","ping_status":"open","template":"","meta":{"_exactmetrics_skip_tracking":false,"_exactmetrics_sitenote_active":false,"_exactmetrics_sitenote_note":"","_exactmetrics_sitenote_category":0,"footnotes":""},"class_list":["post-1090","page","type-page","status-publish","hentry","entry","no-media"],"yoast_head":"<!-- This site is optimized with the Yoast SEO plugin v25.1 - https:\/\/yoast.com\/wordpress\/plugins\/seo\/ -->\n<title>News - Le refuge Fontaine Couture, a halt in Th\u00e9m\u00e9ricourt<\/title>\n<meta name=\"description\" content=\"See what is going on at Le refuge Fontaine Couture ! Visit our news page to follow our last activities. You can post comments too !\" \/>\n<meta name=\"robots\" content=\"index, follow, max-snippet:-1, max-image-preview:large, max-video-preview:-1\" \/>\n<link rel=\"canonical\" href=\"https:\/\/www.fontainecouture.fr\/en\/news\/\" \/>\n<meta property=\"og:locale\" content=\"en_US\" \/>\n<meta property=\"og:type\" content=\"article\" \/>\n<meta property=\"og:title\" content=\"News - Le refuge Fontaine Couture, a halt in Th\u00e9m\u00e9ricourt\" \/>\n<meta property=\"og:description\" content=\"See what is going on at Le refuge Fontaine Couture ! Visit our news page to follow our last activities. You can post comments too !\" \/>\n<meta property=\"og:url\" content=\"https:\/\/www.fontainecouture.fr\/en\/news\/\" \/>\n<meta property=\"og:site_name\" content=\"Fontaine-Couture\" \/>\n<meta property=\"article:modified_time\" content=\"2021-02-24T11:35:09+00:00\" \/>\n<meta name=\"twitter:card\" content=\"summary_large_image\" \/>\n<meta name=\"twitter:label1\" content=\"Est. reading time\" \/>\n\t<meta name=\"twitter:data1\" content=\"1 minute\" \/>\n<script type=\"application\/ld+json\" class=\"yoast-schema-graph\">{\"@context\":\"https:\/\/schema.org\",\"@graph\":[{\"@type\":\"WebPage\",\"@id\":\"https:\/\/www.fontainecouture.fr\/en\/news\/\",\"url\":\"https:\/\/www.fontainecouture.fr\/en\/news\/\",\"name\":\"News - Le refuge Fontaine Couture, a halt in Th\u00e9m\u00e9ricourt\",\"isPartOf\":{\"@id\":\"https:\/\/www.fontainecouture.fr\/#website\"},\"datePublished\":\"2018-10-15T22:02:12+00:00\",\"dateModified\":\"2021-02-24T11:35:09+00:00\",\"description\":\"See what is going on at Le refuge Fontaine Couture ! Visit our news page to follow our last activities. You can post comments too !\",\"breadcrumb\":{\"@id\":\"https:\/\/www.fontainecouture.fr\/en\/news\/#breadcrumb\"},\"inLanguage\":\"en-US\",\"potentialAction\":[{\"@type\":\"ReadAction\",\"target\":[\"https:\/\/www.fontainecouture.fr\/en\/news\/\"]}]},{\"@type\":\"BreadcrumbList\",\"@id\":\"https:\/\/www.fontainecouture.fr\/en\/news\/#breadcrumb\",\"itemListElement\":[{\"@type\":\"ListItem\",\"position\":1,\"name\":\"Accueil\",\"item\":\"https:\/\/www.fontainecouture.fr\/en\/fontaine-couture-a-halt-in-themericourt-france\/\"},{\"@type\":\"ListItem\",\"position\":2,\"name\":\"News\"}]},{\"@type\":\"WebSite\",\"@id\":\"https:\/\/www.fontainecouture.fr\/#website\",\"url\":\"https:\/\/www.fontainecouture.fr\/\",\"name\":\"Fontaine-Couture\",\"description\":\"G\u00eete d&#039;\u00e9tape \u00e0 Th\u00e9m\u00e9ricourt\",\"potentialAction\":[{\"@type\":\"SearchAction\",\"target\":{\"@type\":\"EntryPoint\",\"urlTemplate\":\"https:\/\/www.fontainecouture.fr\/?s={search_term_string}\"},\"query-input\":{\"@type\":\"PropertyValueSpecification\",\"valueRequired\":true,\"valueName\":\"search_term_string\"}}],\"inLanguage\":\"en-US\"}]}<\/script>\n<!-- \/ Yoast SEO plugin. -->","yoast_head_json":{"title":"News - Le refuge Fontaine Couture, a halt in Th\u00e9m\u00e9ricourt","description":"See what is going on at Le refuge Fontaine Couture ! Visit our news page to follow our last activities. You can post comments too !","robots":{"index":"index","follow":"follow","max-snippet":"max-snippet:-1","max-image-preview":"max-image-preview:large","max-video-preview":"max-video-preview:-1"},"canonical":"https:\/\/www.fontainecouture.fr\/en\/news\/","og_locale":"en_US","og_type":"article","og_title":"News - Le refuge Fontaine Couture, a halt in Th\u00e9m\u00e9ricourt","og_description":"See what is going on at Le refuge Fontaine Couture ! Visit our news page to follow our last activities. You can post comments too !","og_url":"https:\/\/www.fontainecouture.fr\/en\/news\/","og_site_name":"Fontaine-Couture","article_modified_time":"2021-02-24T11:35:09+00:00","twitter_card":"summary_large_image","twitter_misc":{"Est. reading time":"1 minute"},"schema":{"@context":"https:\/\/schema.org","@graph":[{"@type":"WebPage","@id":"https:\/\/www.fontainecouture.fr\/en\/news\/","url":"https:\/\/www.fontainecouture.fr\/en\/news\/","name":"News - Le refuge Fontaine Couture, a halt in Th\u00e9m\u00e9ricourt","isPartOf":{"@id":"https:\/\/www.fontainecouture.fr\/#website"},"datePublished":"2018-10-15T22:02:12+00:00","dateModified":"2021-02-24T11:35:09+00:00","description":"See what is going on at Le refuge Fontaine Couture ! Visit our news page to follow our last activities. You can post comments too !","breadcrumb":{"@id":"https:\/\/www.fontainecouture.fr\/en\/news\/#breadcrumb"},"inLanguage":"en-US","potentialAction":[{"@type":"ReadAction","target":["https:\/\/www.fontainecouture.fr\/en\/news\/"]}]},{"@type":"BreadcrumbList","@id":"https:\/\/www.fontainecouture.fr\/en\/news\/#breadcrumb","itemListElement":[{"@type":"ListItem","position":1,"name":"Accueil","item":"https:\/\/www.fontainecouture.fr\/en\/fontaine-couture-a-halt-in-themericourt-france\/"},{"@type":"ListItem","position":2,"name":"News"}]},{"@type":"WebSite","@id":"https:\/\/www.fontainecouture.fr\/#website","url":"https:\/\/www.fontainecouture.fr\/","name":"Fontaine-Couture","description":"G\u00eete d&#039;\u00e9tape \u00e0 Th\u00e9m\u00e9ricourt","potentialAction":[{"@type":"SearchAction","target":{"@type":"EntryPoint","urlTemplate":"https:\/\/www.fontainecouture.fr\/?s={search_term_string}"},"query-input":{"@type":"PropertyValueSpecification","valueRequired":true,"valueName":"search_term_string"}}],"inLanguage":"en-US"}]}},"_links":{"self":[{"href":"https:\/\/www.fontainecouture.fr\/en\/wp-json\/wp\/v2\/pages\/1090"}],"collection":[{"href":"https:\/\/www.fontainecouture.fr\/en\/wp-json\/wp\/v2\/pages"}],"about":[{"href":"https:\/\/www.fontainecouture.fr\/en\/wp-json\/wp\/v2\/types\/page"}],"author":[{"embeddable":true,"href":"https:\/\/www.fontainecouture.fr\/en\/wp-json\/wp\/v2\/users\/1"}],"replies":[{"embeddable":true,"href":"https:\/\/www.fontainecouture.fr\/en\/wp-json\/wp\/v2\/comments?post=1090"}],"version-history":[{"count":0,"href":"https:\/\/www.fontainecouture.fr\/en\/wp-json\/wp\/v2\/pages\/1090\/revisions"}],"wp:attachment":[{"href":"https:\/\/www.fontainecouture.fr\/en\/wp-json\/wp\/v2\/media?parent=1090"}],"curies":[{"name":"wp","href":"https:\/\/api.w.org\/{rel}","templated":true}]}}