{"id":1102,"date":"2018-10-16T00:59:20","date_gmt":"2018-10-15T22:59:20","guid":{"rendered":"https:\/\/www.fontainecouture.fr\/?page_id=1102"},"modified":"2021-02-24T12:37:28","modified_gmt":"2021-02-24T11:37:28","slug":"triple-room","status":"publish","type":"page","link":"https:\/\/www.fontainecouture.fr\/en\/triple-room\/","title":{"rendered":"Triple room"},"content":{"rendered":"<div class=\"wpb-content-wrapper\">[vc_section][vc_row][vc_column][vc_empty_space height=&#8221;100px&#8221;][\/vc_column][\/vc_row][\/vc_section][vc_section css=&#8221;.vc_custom_1545130200417{margin-bottom: 40px !important;}&#8221;][vc_row css=&#8221;.vc_custom_1539110953340{margin-top: 30px !important;margin-bottom: 50px !important;}&#8221;][vc_column width=&#8221;1\/2&#8243;]<div class=\"wpex-slider-preloaderimg wpex-relative\"><img width=\"1199\" height=\"800\" src=\"https:\/\/www.fontainecouture.fr\/wp-content\/uploads\/2019\/02\/Refuge_Fontaine_Couture_ThC\u0327mC\u0327ricourt_Web_35_\u220fcyril_badet.jpg\" class=\"skip-lazy\" alt=\"Twin beds in our room &quot;le renard&quot;.\" data-no-lazy=\"1\" srcset=\"https:\/\/www.fontainecouture.fr\/wp-content\/uploads\/2019\/02\/Refuge_Fontaine_Couture_ThC\u0327mC\u0327ricourt_Web_35_\u220fcyril_badet.jpg 1199w, https:\/\/www.fontainecouture.fr\/wp-content\/uploads\/2019\/02\/Refuge_Fontaine_Couture_ThC\u0327mC\u0327ricourt_Web_35_\u220fcyril_badet-300x200.jpg 300w, https:\/\/www.fontainecouture.fr\/wp-content\/uploads\/2019\/02\/Refuge_Fontaine_Couture_ThC\u0327mC\u0327ricourt_Web_35_\u220fcyril_badet-768x512.jpg 768w, https:\/\/www.fontainecouture.fr\/wp-content\/uploads\/2019\/02\/Refuge_Fontaine_Couture_ThC\u0327mC\u0327ricourt_Web_35_\u220fcyril_badet-1024x683.jpg 1024w\" sizes=\"(max-width: 1199px) 100vw, 1199px\" \/><\/div><div class=\"vcex-image-slider vcex-module wpex-slider slider-pro wpex-clr\" data-fade=\"true\"  data-loop=\"true\" data-auto-play=\"false\" data-auto-play-delay=\"5000\" data-buttons=\"false\" data-animation-speed=\"300\" data-height-animation-duration=\"500\" data-thumbnail-height=\"70\" data-thumbnail-width=\"70\" data-reach-video-action=\"none\"><div class=\"wpex-slider-slides sp-slides\"><div class=\"wpex-slider-slide sp-slide\"><div class=\"wpex-slider-media wpex-relative\"><img width=\"1199\" height=\"800\" src=\"https:\/\/www.fontainecouture.fr\/wp-content\/uploads\/2019\/02\/Refuge_Fontaine_Couture_ThC\u0327mC\u0327ricourt_Web_35_\u220fcyril_badet.jpg\" class=\"skip-lazy\" alt=\"Twin beds in our room &quot;le renard&quot;.\" data-no-lazy=\"1\" srcset=\"https:\/\/www.fontainecouture.fr\/wp-content\/uploads\/2019\/02\/Refuge_Fontaine_Couture_ThC\u0327mC\u0327ricourt_Web_35_\u220fcyril_badet.jpg 1199w, https:\/\/www.fontainecouture.fr\/wp-content\/uploads\/2019\/02\/Refuge_Fontaine_Couture_ThC\u0327mC\u0327ricourt_Web_35_\u220fcyril_badet-300x200.jpg 300w, https:\/\/www.fontainecouture.fr\/wp-content\/uploads\/2019\/02\/Refuge_Fontaine_Couture_ThC\u0327mC\u0327ricourt_Web_35_\u220fcyril_badet-768x512.jpg 768w, https:\/\/www.fontainecouture.fr\/wp-content\/uploads\/2019\/02\/Refuge_Fontaine_Couture_ThC\u0327mC\u0327ricourt_Web_35_\u220fcyril_badet-1024x683.jpg 1024w\" sizes=\"(max-width: 1199px) 100vw, 1199px\" \/><\/div><\/div><div class=\"wpex-slider-slide sp-slide\"><div class=\"wpex-slider-media wpex-relative\"><img width=\"1199\" height=\"800\" src=\"https:\/\/www.fontainecouture.fr\/wp-content\/uploads\/2019\/02\/Refuge_Fontaine_Couture_ThC\u0327mC\u0327ricourt_Web_37_\u220fcyril_badet.jpg\" class=\"skip-lazy\" alt=\"Le renard, a three people room.\" data-no-lazy=\"1\" srcset=\"https:\/\/www.fontainecouture.fr\/wp-content\/uploads\/2019\/02\/Refuge_Fontaine_Couture_ThC\u0327mC\u0327ricourt_Web_37_\u220fcyril_badet.jpg 1199w, https:\/\/www.fontainecouture.fr\/wp-content\/uploads\/2019\/02\/Refuge_Fontaine_Couture_ThC\u0327mC\u0327ricourt_Web_37_\u220fcyril_badet-300x200.jpg 300w, https:\/\/www.fontainecouture.fr\/wp-content\/uploads\/2019\/02\/Refuge_Fontaine_Couture_ThC\u0327mC\u0327ricourt_Web_37_\u220fcyril_badet-768x512.jpg 768w, https:\/\/www.fontainecouture.fr\/wp-content\/uploads\/2019\/02\/Refuge_Fontaine_Couture_ThC\u0327mC\u0327ricourt_Web_37_\u220fcyril_badet-1024x683.jpg 1024w\" sizes=\"(max-width: 1199px) 100vw, 1199px\" \/><\/div><\/div><div class=\"wpex-slider-slide sp-slide\"><div class=\"wpex-slider-media wpex-relative\"><img width=\"1200\" height=\"800\" src=\"https:\/\/www.fontainecouture.fr\/wp-content\/uploads\/2018\/11\/triple-1.jpg\" class=\"skip-lazy\" alt=\"twin beds \" data-no-lazy=\"1\" srcset=\"https:\/\/www.fontainecouture.fr\/wp-content\/uploads\/2018\/11\/triple-1.jpg 1200w, https:\/\/www.fontainecouture.fr\/wp-content\/uploads\/2018\/11\/triple-1-300x200.jpg 300w, https:\/\/www.fontainecouture.fr\/wp-content\/uploads\/2018\/11\/triple-1-768x512.jpg 768w, https:\/\/www.fontainecouture.fr\/wp-content\/uploads\/2018\/11\/triple-1-1024x683.jpg 1024w\" sizes=\"(max-width: 1200px) 100vw, 1200px\" \/><\/div><\/div><div class=\"wpex-slider-slide sp-slide\"><div class=\"wpex-slider-media wpex-relative\"><img width=\"1199\" height=\"800\" src=\"https:\/\/www.fontainecouture.fr\/wp-content\/uploads\/2019\/02\/Refuge_Fontaine_Couture_ThC\u0327mC\u0327ricourt_Web_38_\u220fcyril_badet.jpg\" class=\"skip-lazy\" alt=\"Under the beams, &quot;le renard&quot;.\" data-no-lazy=\"1\" srcset=\"https:\/\/www.fontainecouture.fr\/wp-content\/uploads\/2019\/02\/Refuge_Fontaine_Couture_ThC\u0327mC\u0327ricourt_Web_38_\u220fcyril_badet.jpg 1199w, https:\/\/www.fontainecouture.fr\/wp-content\/uploads\/2019\/02\/Refuge_Fontaine_Couture_ThC\u0327mC\u0327ricourt_Web_38_\u220fcyril_badet-300x200.jpg 300w, https:\/\/www.fontainecouture.fr\/wp-content\/uploads\/2019\/02\/Refuge_Fontaine_Couture_ThC\u0327mC\u0327ricourt_Web_38_\u220fcyril_badet-768x512.jpg 768w, https:\/\/www.fontainecouture.fr\/wp-content\/uploads\/2019\/02\/Refuge_Fontaine_Couture_ThC\u0327mC\u0327ricourt_Web_38_\u220fcyril_badet-1024x683.jpg 1024w\" sizes=\"(max-width: 1199px) 100vw, 1199px\" \/><\/div><\/div><\/div><\/div>[\/vc_column][vc_column width=&#8221;1\/2&#8243;]<style>.vcex-heading.vcex_69f31bf21b45a{color:#000000;}<\/style><h2 class=\"vcex-heading vcex-heading-plain vcex-module wpex-heading wpex-text-2xl vcex_69f31bf21b45a\"><span class=\"vcex-heading-inner wpex-inline-block\">le renard<\/span><\/h2>[vc_column_text font_size=&#8221;18px&#8221; css=&#8221;.vc_custom_1541676677559{margin-top: 15px !important;}&#8221;]\n<p style=\"text-align: justify;\">La chambre triple du g\u00eete contient trois lits simples, dont deux jumelables. Vous pourrez aussi profiter d&#8217;un coin bureau. Elle peut convenir \u00e0 une petite famille, un groupe d\u2019amis\u2026<\/p>\n<p style=\"text-align: justify;\">Comme toutes les chambres, elle donne acc\u00e8s \u00e0 l\u2019int\u00e9gralit\u00e9 des <a style=\"color: blue;\" href=\"https:\/\/www.fontainecouture.fr\/en\/guest-house\/#services\">\u00e9quipements et services du g\u00eete<\/a> que vous partagerez avec les autres passants d\u2019un soir, (ou plus\u2026?).<\/p>\n[\/vc_column_text][\/vc_column][\/vc_row][\/vc_section][vc_section full_width=&#8221;stretch_row&#8221; css=&#8221;.vc_custom_1590951906988{background-color: #ffff00 !important;}&#8221; el_id=&#8221;sec2&#8243; visibility=&#8221;hidden&#8221;][vc_row css=&#8221;.vc_custom_1539110923662{padding-top: 30px !important;padding-bottom: 30px !important;}&#8221;][vc_column width=&#8221;1\/2&#8243;][vc_column_text css=&#8221;.vc_custom_1539210944897{padding-top: 20px !important;padding-bottom: 20px !important;}&#8221;]Availability calendar[\/vc_column_text]<div class=\"vcex-form-shortcode vcex-module wpex-form wpex-m-auto wpex-max-w-100\"><div class=\"mphb_sc_availability_calendar-wrapper\">\t<div class=\"mphb-calendar mphb-datepick inlinePicker\" id=\"mphb-calendar-1153\"><\/div>\n\t<\/div><\/div>[\/vc_column][vc_column width=&#8221;1\/2&#8243;][vc_column_text css=&#8221;.vc_custom_1539281738285{padding-top: 20px !important;padding-bottom: 20px !important;}&#8221;]Book one or several beds in our\u00a0<strong>triple room<\/strong> :<br \/>\n<a style=\"text-decoration: underline; font-size: 13px;\" href=\"https:\/\/www.fontainecouture.fr\/en\/booking\/\">(To book beds in several rooms, please follow this link to Booking page)<\/a>[\/vc_column_text]<div class=\"vcex-form-shortcode vcex-module wpex-form wpex-m-auto wpex-max-w-100\"><div class=\"mphb_sc_booking_form-wrapper \">\t<form method=\"POST\" action=\"https:\/\/www.fontainecouture.fr\/en\/booking-validation\/\" class=\"mphb-booking-form\" id=\"booking-form-1153\">\n\t\t<p class=\"mphb-required-fields-tip\"><small>Required fields are followed by <abbr title=\"required\">*<\/abbr><\/small><\/p>\n\t\t<input type=\"hidden\" id=\"mphb-checkout-nonce\" name=\"mphb-checkout-nonce\" value=\"3a5c1dbd53\" \/><input type=\"hidden\" name=\"_wp_http_referer\" value=\"\/en\/wp-json\/wp\/v2\/pages\/1102\" \/>\t\t\t\t<input type=\"hidden\" name=\"mphb_room_type_id\" value=\"1153\" \/>\n\t\t<p class=\"mphb-check-in-date-wrapper\">\n\t\t\t<label for=\"mphb_check_in_date-69f31bf21fb08\">\n\t\t\t\tCheck-in Date\t\t\t\t<abbr title=\"Formatted as dd\/mm\/yyyy\">*<\/abbr>\n\t\t\t<\/label>\n\t\t\t<br \/>\n\t\t\t<input id=\"mphb_check_in_date-69f31bf21fb08\" type=\"text\" class=\"mphb-datepick\" value=\"\" required=\"required\" autocomplete=\"off\" placeholder=\"Check-in Date\" \/>\n\t\t\t<input id=\"mphb_check_in_date-69f31bf21fb08-hidden\" type=\"hidden\" name=\"mphb_check_in_date\" value=\"\" \/>\n\t\t<\/p>\n\t\t<p class=\"mphb-check-out-date-wrapper\">\n\t\t\t<label for=\"mphb_check_out_date-69f31bf21fb08\">\n\t\t\t\tCheck-out Date\t\t\t\t<abbr title=\"Formatted as dd\/mm\/yyyy\">*<\/abbr>\n\t\t\t<\/label>\n\t\t\t<br \/>\n\t\t\t<input id=\"mphb_check_out_date-69f31bf21fb08\" type=\"text\" class=\"mphb-datepick\" value=\"\" required=\"required\" autocomplete=\"off\" placeholder=\"Check-out Date\" \/>\n\t\t\t<input id=\"mphb_check_out_date-69f31bf21fb08-hidden\" type=\"hidden\" name=\"mphb_check_out_date\" value=\"\" \/>\n\t\t<\/p>\n\t\t\t\t<p class=\"mphb-reserve-btn-wrapper\">\n\t\t\t<input class=\"mphb-reserve-btn button\" disabled=\"disabled\" type=\"submit\" value=\"Check Availability\" \/>\n\t\t\t<span class=\"mphb-preloader mphb-hide\"><\/span>\n\t\t<\/p>\n\t\t<div class=\"mphb-errors-wrapper mphb-hide\"><\/div>\n\t\t\t\t\t<div class=\"mphb-reserve-room-section mphb-hide\">\n\t\t\t\t<p class=\"mphb-rooms-quantity-wrapper mphb-hide\">Reserve <select class=\"mphb-rooms-quantity\" id=\"mphb-rooms-quantity-1153\" name=\"mphb_rooms_details[1153]\"><option value=\"1\" selected=\"selected\">1<\/option><\/select> of <span class=\"mphb-available-rooms-count\">1<\/span> available bed(s)<\/p>\n\t\t\t\t<p class=\"mphb-rooms-quantity-wrapper mphb-hide\">\n\t\t\t\t\t&#8220;Le Renard&#8221; &#8211; Triple room is available for selected dates.\t\t\t\t<\/p>\n\t\t\t\t<input type=\"hidden\" name=\"mphb_is_direct_booking\" value=\"1\" \/>\n\t\t\t\t<input class=\"button mphb-button mphb-confirm-reservation\" type=\"submit\" value=\"Confirm Reservation\" \/>\n\t\t\t<\/div>\n\t\t\t<\/form>\n\t<\/div><\/div>[\/vc_column][\/vc_row][\/vc_section][vc_row remove_bottom_col_margin=&#8221;true&#8221; css=&#8221;.vc_custom_1545131418549{margin-top: 100px !important;margin-bottom: 40px !important;}&#8221;][vc_column width=&#8221;1\/2&#8243;][vc_column_text]\n<p style=\"text-align: left;\"><a href=\"https:\/\/www.fontainecouture.fr\/en\/double-room\/\">&lt;&lt;\u00a0 \u00a0 See our double room<\/a><\/p>\n<p>&nbsp;<\/p>\n[\/vc_column_text][\/vc_column][vc_column width=&#8221;1\/2&#8243;][vc_column_text]\n<p style=\"text-align: right;\"><a href=\"https:\/\/fontainecouture.fr\/en\/dormitory\/\">See our dormitory\u00a0 \u00a0 &gt;&gt;<\/a><\/p>\n<p>&nbsp;<\/p>\n[\/vc_column_text][\/vc_column][\/vc_row]\n<\/div>","protected":false},"excerpt":{"rendered":"<p>[vc_section][vc_row][vc_column][vc_empty_space height=&#8221;100px&#8221;][\/vc_column][\/vc_row][\/vc_section][vc_section css=&#8221;.vc_custom_1545130200417{margin-bottom: 40px !important;}&#8221;][vc_row css=&#8221;.vc_custom_1539110953340{margin-top: 30px !important;margin-bottom: 50px !important;}&#8221;][vc_column width=&#8221;1\/2&#8243;][\/vc_column][vc_column width=&#8221;1\/2&#8243;][vc_column_text font_size=&#8221;18px&#8221; css=&#8221;.vc_custom_1541676677559{margin-top: 15px !important;}&#8221;] La chambre triple du g\u00eete contient trois lits simples, dont deux jumelables. Vous pourrez aussi profiter d&#8217;un coin bureau. Elle peut convenir \u00e0 une petite famille, un groupe d\u2019amis\u2026 Comme toutes les chambres, elle donne acc\u00e8s \u00e0 l\u2019int\u00e9gralit\u00e9 des&hellip;<\/p>\n","protected":false},"author":1,"featured_media":0,"parent":0,"menu_order":0,"comment_status":"closed","ping_status":"closed","template":"","meta":{"_exactmetrics_skip_tracking":false,"_exactmetrics_sitenote_active":false,"_exactmetrics_sitenote_note":"","_exactmetrics_sitenote_category":0,"footnotes":""},"class_list":["post-1102","page","type-page","status-publish","hentry","entry","no-media"],"yoast_head":"<!-- This site is optimized with the Yoast SEO plugin v25.1 - https:\/\/yoast.com\/wordpress\/plugins\/seo\/ -->\n<title>Triple room - Fontaine-Couture, le g\u00eete d&#039;\u00e9tape de Th\u00e9m\u00e9ricourt<\/title>\n<meta name=\"description\" content=\"Notre chambre triple est compos\u00e9e de lits simples dont deux lits jumelables, elle s&#039;adaptera \u00e0 diff\u00e9rentes formules :familles, groupes d&#039;amis, enfants etc.\" \/>\n<meta name=\"robots\" content=\"index, follow, max-snippet:-1, max-image-preview:large, max-video-preview:-1\" \/>\n<link rel=\"canonical\" href=\"https:\/\/www.fontainecouture.fr\/en\/triple-room\/\" \/>\n<meta property=\"og:locale\" content=\"en_US\" \/>\n<meta property=\"og:type\" content=\"article\" \/>\n<meta property=\"og:title\" content=\"Triple room - Fontaine-Couture, le g\u00eete d&#039;\u00e9tape de Th\u00e9m\u00e9ricourt\" \/>\n<meta property=\"og:description\" content=\"Notre chambre triple est compos\u00e9e de lits simples dont deux lits jumelables, elle s&#039;adaptera \u00e0 diff\u00e9rentes formules :familles, groupes d&#039;amis, enfants etc.\" \/>\n<meta property=\"og:url\" content=\"https:\/\/www.fontainecouture.fr\/en\/triple-room\/\" \/>\n<meta property=\"og:site_name\" content=\"Fontaine-Couture\" \/>\n<meta property=\"article:modified_time\" content=\"2021-02-24T11:37:28+00:00\" \/>\n<meta name=\"twitter:card\" content=\"summary_large_image\" \/>\n<meta name=\"twitter:label1\" content=\"Est. reading time\" \/>\n\t<meta name=\"twitter:data1\" content=\"2 minutes\" \/>\n<script type=\"application\/ld+json\" class=\"yoast-schema-graph\">{\"@context\":\"https:\/\/schema.org\",\"@graph\":[{\"@type\":\"WebPage\",\"@id\":\"https:\/\/www.fontainecouture.fr\/en\/triple-room\/\",\"url\":\"https:\/\/www.fontainecouture.fr\/en\/triple-room\/\",\"name\":\"Triple room - Fontaine-Couture, le g\u00eete d'\u00e9tape de Th\u00e9m\u00e9ricourt\",\"isPartOf\":{\"@id\":\"https:\/\/www.fontainecouture.fr\/#website\"},\"datePublished\":\"2018-10-15T22:59:20+00:00\",\"dateModified\":\"2021-02-24T11:37:28+00:00\",\"description\":\"Notre chambre triple est compos\u00e9e de lits simples dont deux lits jumelables, elle s'adaptera \u00e0 diff\u00e9rentes formules :familles, groupes d'amis, enfants etc.\",\"breadcrumb\":{\"@id\":\"https:\/\/www.fontainecouture.fr\/en\/triple-room\/#breadcrumb\"},\"inLanguage\":\"en-US\",\"potentialAction\":[{\"@type\":\"ReadAction\",\"target\":[\"https:\/\/www.fontainecouture.fr\/en\/triple-room\/\"]}]},{\"@type\":\"BreadcrumbList\",\"@id\":\"https:\/\/www.fontainecouture.fr\/en\/triple-room\/#breadcrumb\",\"itemListElement\":[{\"@type\":\"ListItem\",\"position\":1,\"name\":\"Accueil\",\"item\":\"https:\/\/www.fontainecouture.fr\/en\/fontaine-couture-a-halt-in-themericourt-france\/\"},{\"@type\":\"ListItem\",\"position\":2,\"name\":\"Triple room\"}]},{\"@type\":\"WebSite\",\"@id\":\"https:\/\/www.fontainecouture.fr\/#website\",\"url\":\"https:\/\/www.fontainecouture.fr\/\",\"name\":\"Fontaine-Couture\",\"description\":\"G\u00eete d&#039;\u00e9tape \u00e0 Th\u00e9m\u00e9ricourt\",\"potentialAction\":[{\"@type\":\"SearchAction\",\"target\":{\"@type\":\"EntryPoint\",\"urlTemplate\":\"https:\/\/www.fontainecouture.fr\/?s={search_term_string}\"},\"query-input\":{\"@type\":\"PropertyValueSpecification\",\"valueRequired\":true,\"valueName\":\"search_term_string\"}}],\"inLanguage\":\"en-US\"}]}<\/script>\n<!-- \/ Yoast SEO plugin. -->","yoast_head_json":{"title":"Triple room - Fontaine-Couture, le g\u00eete d'\u00e9tape de Th\u00e9m\u00e9ricourt","description":"Notre chambre triple est compos\u00e9e de lits simples dont deux lits jumelables, elle s'adaptera \u00e0 diff\u00e9rentes formules :familles, groupes d'amis, enfants etc.","robots":{"index":"index","follow":"follow","max-snippet":"max-snippet:-1","max-image-preview":"max-image-preview:large","max-video-preview":"max-video-preview:-1"},"canonical":"https:\/\/www.fontainecouture.fr\/en\/triple-room\/","og_locale":"en_US","og_type":"article","og_title":"Triple room - Fontaine-Couture, le g\u00eete d'\u00e9tape de Th\u00e9m\u00e9ricourt","og_description":"Notre chambre triple est compos\u00e9e de lits simples dont deux lits jumelables, elle s'adaptera \u00e0 diff\u00e9rentes formules :familles, groupes d'amis, enfants etc.","og_url":"https:\/\/www.fontainecouture.fr\/en\/triple-room\/","og_site_name":"Fontaine-Couture","article_modified_time":"2021-02-24T11:37:28+00:00","twitter_card":"summary_large_image","twitter_misc":{"Est. reading time":"2 minutes"},"schema":{"@context":"https:\/\/schema.org","@graph":[{"@type":"WebPage","@id":"https:\/\/www.fontainecouture.fr\/en\/triple-room\/","url":"https:\/\/www.fontainecouture.fr\/en\/triple-room\/","name":"Triple room - Fontaine-Couture, le g\u00eete d'\u00e9tape de Th\u00e9m\u00e9ricourt","isPartOf":{"@id":"https:\/\/www.fontainecouture.fr\/#website"},"datePublished":"2018-10-15T22:59:20+00:00","dateModified":"2021-02-24T11:37:28+00:00","description":"Notre chambre triple est compos\u00e9e de lits simples dont deux lits jumelables, elle s'adaptera \u00e0 diff\u00e9rentes formules :familles, groupes d'amis, enfants etc.","breadcrumb":{"@id":"https:\/\/www.fontainecouture.fr\/en\/triple-room\/#breadcrumb"},"inLanguage":"en-US","potentialAction":[{"@type":"ReadAction","target":["https:\/\/www.fontainecouture.fr\/en\/triple-room\/"]}]},{"@type":"BreadcrumbList","@id":"https:\/\/www.fontainecouture.fr\/en\/triple-room\/#breadcrumb","itemListElement":[{"@type":"ListItem","position":1,"name":"Accueil","item":"https:\/\/www.fontainecouture.fr\/en\/fontaine-couture-a-halt-in-themericourt-france\/"},{"@type":"ListItem","position":2,"name":"Triple room"}]},{"@type":"WebSite","@id":"https:\/\/www.fontainecouture.fr\/#website","url":"https:\/\/www.fontainecouture.fr\/","name":"Fontaine-Couture","description":"G\u00eete d&#039;\u00e9tape \u00e0 Th\u00e9m\u00e9ricourt","potentialAction":[{"@type":"SearchAction","target":{"@type":"EntryPoint","urlTemplate":"https:\/\/www.fontainecouture.fr\/?s={search_term_string}"},"query-input":{"@type":"PropertyValueSpecification","valueRequired":true,"valueName":"search_term_string"}}],"inLanguage":"en-US"}]}},"_links":{"self":[{"href":"https:\/\/www.fontainecouture.fr\/en\/wp-json\/wp\/v2\/pages\/1102"}],"collection":[{"href":"https:\/\/www.fontainecouture.fr\/en\/wp-json\/wp\/v2\/pages"}],"about":[{"href":"https:\/\/www.fontainecouture.fr\/en\/wp-json\/wp\/v2\/types\/page"}],"author":[{"embeddable":true,"href":"https:\/\/www.fontainecouture.fr\/en\/wp-json\/wp\/v2\/users\/1"}],"replies":[{"embeddable":true,"href":"https:\/\/www.fontainecouture.fr\/en\/wp-json\/wp\/v2\/comments?post=1102"}],"version-history":[{"count":0,"href":"https:\/\/www.fontainecouture.fr\/en\/wp-json\/wp\/v2\/pages\/1102\/revisions"}],"wp:attachment":[{"href":"https:\/\/www.fontainecouture.fr\/en\/wp-json\/wp\/v2\/media?parent=1102"}],"curies":[{"name":"wp","href":"https:\/\/api.w.org\/{rel}","templated":true}]}}