{"id":1169,"date":"2018-10-16T22:22:03","date_gmt":"2018-10-16T20:22:03","guid":{"rendered":"https:\/\/www.fontainecouture.fr\/?page_id=1169"},"modified":"2021-02-24T12:33:53","modified_gmt":"2021-02-24T11:33:53","slug":"dormitory","status":"publish","type":"page","link":"https:\/\/www.fontainecouture.fr\/en\/dormitory\/","title":{"rendered":"Dormitory"},"content":{"rendered":"<div class=\"wpb-content-wrapper\">[vc_section][vc_row][vc_column][vc_empty_space height=&#8221;100px&#8221;][\/vc_column][\/vc_row][\/vc_section][vc_section][vc_row css=&#8221;.vc_custom_1539110953340{margin-top: 30px !important;margin-bottom: 50px !important;}&#8221;][vc_column width=&#8221;1\/2&#8243;]<div class=\"wpex-slider-preloaderimg wpex-relative\"><img width=\"1199\" height=\"800\" src=\"https:\/\/www.fontainecouture.fr\/wp-content\/uploads\/2019\/02\/Refuge_Fontaine_Couture_ThC\u0327mC\u0327ricourt_Web_30_\u220fcyril_badet.jpg\" class=\"skip-lazy\" alt=\"The dormitory of the guest house !\" data-no-lazy=\"1\" srcset=\"https:\/\/www.fontainecouture.fr\/wp-content\/uploads\/2019\/02\/Refuge_Fontaine_Couture_ThC\u0327mC\u0327ricourt_Web_30_\u220fcyril_badet.jpg 1199w, https:\/\/www.fontainecouture.fr\/wp-content\/uploads\/2019\/02\/Refuge_Fontaine_Couture_ThC\u0327mC\u0327ricourt_Web_30_\u220fcyril_badet-300x200.jpg 300w, https:\/\/www.fontainecouture.fr\/wp-content\/uploads\/2019\/02\/Refuge_Fontaine_Couture_ThC\u0327mC\u0327ricourt_Web_30_\u220fcyril_badet-768x512.jpg 768w, https:\/\/www.fontainecouture.fr\/wp-content\/uploads\/2019\/02\/Refuge_Fontaine_Couture_ThC\u0327mC\u0327ricourt_Web_30_\u220fcyril_badet-1024x683.jpg 1024w\" sizes=\"(max-width: 1199px) 100vw, 1199px\" \/><\/div><div class=\"vcex-image-slider vcex-module wpex-slider slider-pro wpex-clr\" data-fade=\"true\"  data-loop=\"true\" data-auto-play-delay=\"5000\" data-buttons=\"false\" data-animation-speed=\"300\" data-height-animation-duration=\"500\" data-thumbnail-height=\"70\" data-thumbnail-width=\"70\" data-reach-video-action=\"none\"><div class=\"wpex-slider-slides sp-slides\"><div class=\"wpex-slider-slide sp-slide\"><div class=\"wpex-slider-media wpex-relative\"><img width=\"1199\" height=\"800\" src=\"https:\/\/www.fontainecouture.fr\/wp-content\/uploads\/2019\/02\/Refuge_Fontaine_Couture_ThC\u0327mC\u0327ricourt_Web_30_\u220fcyril_badet.jpg\" class=\"skip-lazy\" alt=\"The dormitory of the guest house !\" data-no-lazy=\"1\" srcset=\"https:\/\/www.fontainecouture.fr\/wp-content\/uploads\/2019\/02\/Refuge_Fontaine_Couture_ThC\u0327mC\u0327ricourt_Web_30_\u220fcyril_badet.jpg 1199w, https:\/\/www.fontainecouture.fr\/wp-content\/uploads\/2019\/02\/Refuge_Fontaine_Couture_ThC\u0327mC\u0327ricourt_Web_30_\u220fcyril_badet-300x200.jpg 300w, https:\/\/www.fontainecouture.fr\/wp-content\/uploads\/2019\/02\/Refuge_Fontaine_Couture_ThC\u0327mC\u0327ricourt_Web_30_\u220fcyril_badet-768x512.jpg 768w, https:\/\/www.fontainecouture.fr\/wp-content\/uploads\/2019\/02\/Refuge_Fontaine_Couture_ThC\u0327mC\u0327ricourt_Web_30_\u220fcyril_badet-1024x683.jpg 1024w\" sizes=\"(max-width: 1199px) 100vw, 1199px\" \/><\/div><\/div><div class=\"wpex-slider-slide sp-slide\"><div class=\"wpex-slider-media wpex-relative\"><img width=\"1199\" height=\"800\" src=\"https:\/\/www.fontainecouture.fr\/wp-content\/uploads\/2019\/02\/Refuge_Fontaine_Couture_ThC\u0327mC\u0327ricourt_Web_29_\u220fcyril_badet.jpg\" class=\"skip-lazy\" alt=\"Ranked bed\" data-no-lazy=\"1\" srcset=\"https:\/\/www.fontainecouture.fr\/wp-content\/uploads\/2019\/02\/Refuge_Fontaine_Couture_ThC\u0327mC\u0327ricourt_Web_29_\u220fcyril_badet.jpg 1199w, https:\/\/www.fontainecouture.fr\/wp-content\/uploads\/2019\/02\/Refuge_Fontaine_Couture_ThC\u0327mC\u0327ricourt_Web_29_\u220fcyril_badet-300x200.jpg 300w, https:\/\/www.fontainecouture.fr\/wp-content\/uploads\/2019\/02\/Refuge_Fontaine_Couture_ThC\u0327mC\u0327ricourt_Web_29_\u220fcyril_badet-768x512.jpg 768w, https:\/\/www.fontainecouture.fr\/wp-content\/uploads\/2019\/02\/Refuge_Fontaine_Couture_ThC\u0327mC\u0327ricourt_Web_29_\u220fcyril_badet-1024x683.jpg 1024w\" sizes=\"(max-width: 1199px) 100vw, 1199px\" \/><\/div><\/div><\/div><\/div>[\/vc_column][vc_column width=&#8221;1\/2&#8243;]<style>.vcex-heading.vcex_69f3070b5412e{color:#000000;}<\/style><h2 class=\"vcex-heading vcex-heading-plain vcex-module wpex-heading wpex-text-2xl vcex_69f3070b5412e\"><span class=\"vcex-heading-inner wpex-inline-block\">le loup<\/span><\/h2>[vc_column_text font_size=&#8221;18px&#8221; css=&#8221;.vc_custom_1551268343563{margin-top: 15px !important;}&#8221;]\n<div class=\"wpb_text_column wpb_content_element vc_custom_1539211243102\">\n<div class=\"wpb_wrapper\">\n<p style=\"text-align: justify;\">Le\u00a0<strong>dortoir<\/strong> du g\u00eete est meubl\u00e9 d\u2019un seul lit en bois de type bat-flanc \u00e0 trois places, id\u00e9al pour une petite famille avec un jeune enfant, pour isoler les ados ou pour les nostalgiques de la cabane pyr\u00e9n\u00e9enne.<\/p>\n<p style=\"text-align: justify;\">Comme toutes les chambres, elle donne acc\u00e8s \u00e0 l\u2019int\u00e9gralit\u00e9 des <a style=\"color: blue;\" href=\"https:\/\/www.fontainecouture.fr\/en\/guest-house\/#services\">\u00e9quipements et services du g\u00eete<\/a> que vous partagerez avec les autres passants d\u2019un soir (ou plus\u2026?).<\/p>\n<\/div>\n<\/div>\n[\/vc_column_text][\/vc_column][\/vc_row][\/vc_section][vc_section full_width=&#8221;stretch_row&#8221; css=&#8221;.vc_custom_1590951830917{background-color: #ffff00 !important;}&#8221; el_id=&#8221;sec2&#8243; visibility=&#8221;hidden&#8221;][vc_row css=&#8221;.vc_custom_1539110923662{padding-top: 30px !important;padding-bottom: 30px !important;}&#8221;][vc_column width=&#8221;1\/2&#8243;][vc_column_text css=&#8221;.vc_custom_1539213953469{padding-top: 20px !important;padding-bottom: 20px !important;}&#8221;]Availability calendar :[\/vc_column_text]<div class=\"vcex-form-shortcode vcex-module wpex-form wpex-m-auto wpex-max-w-100\"><div class=\"mphb_sc_availability_calendar-wrapper\">\t<div class=\"mphb-calendar mphb-datepick inlinePicker\" id=\"mphb-calendar-1151\"><\/div>\n\t<\/div><\/div>[\/vc_column][vc_column width=&#8221;1\/2&#8243;][vc_column_text css=&#8221;.vc_custom_1539281373822{padding-top: 20px !important;padding-bottom: 20px !important;}&#8221;]Book one or several beds in our\u00a0<strong>dorm<\/strong> :<br \/>\n<a style=\"text-decoration: underline; font-size: 13px;\" href=\"https:\/\/www.fontainecouture.fr\/en\/booking\/\">(To book beds in different rooms, follow this link to our general booking page)<\/a>[\/vc_column_text]<div class=\"vcex-form-shortcode vcex-module wpex-form wpex-m-auto wpex-max-w-100\"><div class=\"mphb_sc_booking_form-wrapper \">\t<form method=\"POST\" action=\"https:\/\/www.fontainecouture.fr\/en\/booking-validation\/\" class=\"mphb-booking-form\" id=\"booking-form-1151\">\n\t\t<p class=\"mphb-required-fields-tip\"><small>Required fields are followed by <abbr title=\"required\">*<\/abbr><\/small><\/p>\n\t\t<input type=\"hidden\" id=\"mphb-checkout-nonce\" name=\"mphb-checkout-nonce\" value=\"3a5c1dbd53\" \/><input type=\"hidden\" name=\"_wp_http_referer\" value=\"\/en\/wp-json\/wp\/v2\/pages\/1169\" \/>\t\t\t\t<input type=\"hidden\" name=\"mphb_room_type_id\" value=\"1151\" \/>\n\t\t<p class=\"mphb-check-in-date-wrapper\">\n\t\t\t<label for=\"mphb_check_in_date-69f3070b573b9\">\n\t\t\t\tCheck-in Date\t\t\t\t<abbr title=\"Formatted as dd\/mm\/yyyy\">*<\/abbr>\n\t\t\t<\/label>\n\t\t\t<br \/>\n\t\t\t<input id=\"mphb_check_in_date-69f3070b573b9\" type=\"text\" class=\"mphb-datepick\" value=\"\" required=\"required\" autocomplete=\"off\" placeholder=\"Check-in Date\" \/>\n\t\t\t<input id=\"mphb_check_in_date-69f3070b573b9-hidden\" type=\"hidden\" name=\"mphb_check_in_date\" value=\"\" \/>\n\t\t<\/p>\n\t\t<p class=\"mphb-check-out-date-wrapper\">\n\t\t\t<label for=\"mphb_check_out_date-69f3070b573b9\">\n\t\t\t\tCheck-out Date\t\t\t\t<abbr title=\"Formatted as dd\/mm\/yyyy\">*<\/abbr>\n\t\t\t<\/label>\n\t\t\t<br \/>\n\t\t\t<input id=\"mphb_check_out_date-69f3070b573b9\" type=\"text\" class=\"mphb-datepick\" value=\"\" required=\"required\" autocomplete=\"off\" placeholder=\"Check-out Date\" \/>\n\t\t\t<input id=\"mphb_check_out_date-69f3070b573b9-hidden\" type=\"hidden\" name=\"mphb_check_out_date\" value=\"\" \/>\n\t\t<\/p>\n\t\t\t\t<p class=\"mphb-reserve-btn-wrapper\">\n\t\t\t<input class=\"mphb-reserve-btn button\" disabled=\"disabled\" type=\"submit\" value=\"Check Availability\" \/>\n\t\t\t<span class=\"mphb-preloader mphb-hide\"><\/span>\n\t\t<\/p>\n\t\t<div class=\"mphb-errors-wrapper mphb-hide\"><\/div>\n\t\t\t\t\t<div class=\"mphb-reserve-room-section mphb-hide\">\n\t\t\t\t<p class=\"mphb-rooms-quantity-wrapper mphb-hide\">Reserve <select class=\"mphb-rooms-quantity\" id=\"mphb-rooms-quantity-1151\" name=\"mphb_rooms_details[1151]\"><option value=\"1\" selected=\"selected\">1<\/option><\/select> of <span class=\"mphb-available-rooms-count\">1<\/span> available bed(s)<\/p>\n\t\t\t\t<p class=\"mphb-rooms-quantity-wrapper mphb-hide\">\n\t\t\t\t\t&#8220;Le loup&#8221; &#8211; Dormitory is available for selected dates.\t\t\t\t<\/p>\n\t\t\t\t<input type=\"hidden\" name=\"mphb_is_direct_booking\" value=\"1\" \/>\n\t\t\t\t<input class=\"button mphb-button mphb-confirm-reservation\" type=\"submit\" value=\"Confirm Reservation\" \/>\n\t\t\t<\/div>\n\t\t\t<\/form>\n\t<\/div><\/div>[\/vc_column][\/vc_row][\/vc_section][vc_row remove_bottom_col_margin=&#8221;true&#8221; css=&#8221;.vc_custom_1545131418549{margin-top: 100px !important;margin-bottom: 40px !important;}&#8221;][vc_column width=&#8221;1\/2&#8243;][vc_column_text]\n<p style=\"text-align: left;\"><a href=\"https:\/\/www.fontainecouture.fr\/en\/double-room\/\">&lt;&lt;\u00a0 \u00a0 See double room<\/a><\/p>\n[\/vc_column_text][\/vc_column][vc_column width=&#8221;1\/2&#8243;][vc_column_text]\n<p style=\"text-align: right;\"><a href=\"https:\/\/fontainecouture.fr\/en\/triple-room\">See triple room\u00a0 \u00a0&gt;&gt;<\/a><\/p>\n[\/vc_column_text][\/vc_column][\/vc_row]\n<\/div>","protected":false},"excerpt":{"rendered":"<p>[vc_section][vc_row][vc_column][vc_empty_space height=&#8221;100px&#8221;][\/vc_column][\/vc_row][\/vc_section][vc_section][vc_row css=&#8221;.vc_custom_1539110953340{margin-top: 30px !important;margin-bottom: 50px !important;}&#8221;][vc_column width=&#8221;1\/2&#8243;][\/vc_column][vc_column width=&#8221;1\/2&#8243;][vc_column_text font_size=&#8221;18px&#8221; css=&#8221;.vc_custom_1551268343563{margin-top: 15px !important;}&#8221;] Le\u00a0dortoir du g\u00eete est meubl\u00e9 d\u2019un seul lit en bois de type bat-flanc \u00e0 trois places, id\u00e9al pour une petite famille avec un jeune enfant, pour isoler les ados ou pour les nostalgiques de la cabane pyr\u00e9n\u00e9enne. Comme toutes les chambres, elle&hellip;<\/p>\n","protected":false},"author":1,"featured_media":0,"parent":0,"menu_order":0,"comment_status":"closed","ping_status":"closed","template":"","meta":{"_exactmetrics_skip_tracking":false,"_exactmetrics_sitenote_active":false,"_exactmetrics_sitenote_note":"","_exactmetrics_sitenote_category":0,"footnotes":""},"class_list":["post-1169","page","type-page","status-publish","hentry","entry","no-media"],"yoast_head":"<!-- This site is optimized with the Yoast SEO plugin v25.1 - https:\/\/yoast.com\/wordpress\/plugins\/seo\/ -->\n<title>Dormitory - Fontaine-Couture, a halt in Th\u00e9m\u00e9ricourt<\/title>\n<meta name=\"description\" content=\"En choisissant un lit dans le dortoir, vous retrouverez dans le Vexin l&#039;esprit des refuges des Pyr\u00e9n\u00e9es ou du chemin de Saint Jacques de Compostelle.\" \/>\n<meta name=\"robots\" content=\"index, follow, max-snippet:-1, max-image-preview:large, max-video-preview:-1\" \/>\n<link rel=\"canonical\" href=\"https:\/\/www.fontainecouture.fr\/en\/dormitory\/\" \/>\n<meta property=\"og:locale\" content=\"en_US\" \/>\n<meta property=\"og:type\" content=\"article\" \/>\n<meta property=\"og:title\" content=\"Dormitory - Fontaine-Couture, a halt in Th\u00e9m\u00e9ricourt\" \/>\n<meta property=\"og:description\" content=\"En choisissant un lit dans le dortoir, vous retrouverez dans le Vexin l&#039;esprit des refuges des Pyr\u00e9n\u00e9es ou du chemin de Saint Jacques de Compostelle.\" \/>\n<meta property=\"og:url\" content=\"https:\/\/www.fontainecouture.fr\/en\/dormitory\/\" \/>\n<meta property=\"og:site_name\" content=\"Fontaine-Couture\" \/>\n<meta property=\"article:modified_time\" content=\"2021-02-24T11:33:53+00:00\" \/>\n<meta name=\"twitter:card\" content=\"summary_large_image\" \/>\n<meta name=\"twitter:label1\" content=\"Est. reading time\" \/>\n\t<meta name=\"twitter:data1\" content=\"2 minutes\" \/>\n<script type=\"application\/ld+json\" class=\"yoast-schema-graph\">{\"@context\":\"https:\/\/schema.org\",\"@graph\":[{\"@type\":\"WebPage\",\"@id\":\"https:\/\/www.fontainecouture.fr\/en\/dormitory\/\",\"url\":\"https:\/\/www.fontainecouture.fr\/en\/dormitory\/\",\"name\":\"Dormitory - Fontaine-Couture, a halt in Th\u00e9m\u00e9ricourt\",\"isPartOf\":{\"@id\":\"https:\/\/www.fontainecouture.fr\/#website\"},\"datePublished\":\"2018-10-16T20:22:03+00:00\",\"dateModified\":\"2021-02-24T11:33:53+00:00\",\"description\":\"En choisissant un lit dans le dortoir, vous retrouverez dans le Vexin l'esprit des refuges des Pyr\u00e9n\u00e9es ou du chemin de Saint Jacques de Compostelle.\",\"breadcrumb\":{\"@id\":\"https:\/\/www.fontainecouture.fr\/en\/dormitory\/#breadcrumb\"},\"inLanguage\":\"en-US\",\"potentialAction\":[{\"@type\":\"ReadAction\",\"target\":[\"https:\/\/www.fontainecouture.fr\/en\/dormitory\/\"]}]},{\"@type\":\"BreadcrumbList\",\"@id\":\"https:\/\/www.fontainecouture.fr\/en\/dormitory\/#breadcrumb\",\"itemListElement\":[{\"@type\":\"ListItem\",\"position\":1,\"name\":\"Accueil\",\"item\":\"https:\/\/www.fontainecouture.fr\/en\/fontaine-couture-a-halt-in-themericourt-france\/\"},{\"@type\":\"ListItem\",\"position\":2,\"name\":\"Dormitory\"}]},{\"@type\":\"WebSite\",\"@id\":\"https:\/\/www.fontainecouture.fr\/#website\",\"url\":\"https:\/\/www.fontainecouture.fr\/\",\"name\":\"Fontaine-Couture\",\"description\":\"G\u00eete d&#039;\u00e9tape \u00e0 Th\u00e9m\u00e9ricourt\",\"potentialAction\":[{\"@type\":\"SearchAction\",\"target\":{\"@type\":\"EntryPoint\",\"urlTemplate\":\"https:\/\/www.fontainecouture.fr\/?s={search_term_string}\"},\"query-input\":{\"@type\":\"PropertyValueSpecification\",\"valueRequired\":true,\"valueName\":\"search_term_string\"}}],\"inLanguage\":\"en-US\"}]}<\/script>\n<!-- \/ Yoast SEO plugin. -->","yoast_head_json":{"title":"Dormitory - Fontaine-Couture, a halt in Th\u00e9m\u00e9ricourt","description":"En choisissant un lit dans le dortoir, vous retrouverez dans le Vexin l'esprit des refuges des Pyr\u00e9n\u00e9es ou du chemin de Saint Jacques de Compostelle.","robots":{"index":"index","follow":"follow","max-snippet":"max-snippet:-1","max-image-preview":"max-image-preview:large","max-video-preview":"max-video-preview:-1"},"canonical":"https:\/\/www.fontainecouture.fr\/en\/dormitory\/","og_locale":"en_US","og_type":"article","og_title":"Dormitory - Fontaine-Couture, a halt in Th\u00e9m\u00e9ricourt","og_description":"En choisissant un lit dans le dortoir, vous retrouverez dans le Vexin l'esprit des refuges des Pyr\u00e9n\u00e9es ou du chemin de Saint Jacques de Compostelle.","og_url":"https:\/\/www.fontainecouture.fr\/en\/dormitory\/","og_site_name":"Fontaine-Couture","article_modified_time":"2021-02-24T11:33:53+00:00","twitter_card":"summary_large_image","twitter_misc":{"Est. reading time":"2 minutes"},"schema":{"@context":"https:\/\/schema.org","@graph":[{"@type":"WebPage","@id":"https:\/\/www.fontainecouture.fr\/en\/dormitory\/","url":"https:\/\/www.fontainecouture.fr\/en\/dormitory\/","name":"Dormitory - Fontaine-Couture, a halt in Th\u00e9m\u00e9ricourt","isPartOf":{"@id":"https:\/\/www.fontainecouture.fr\/#website"},"datePublished":"2018-10-16T20:22:03+00:00","dateModified":"2021-02-24T11:33:53+00:00","description":"En choisissant un lit dans le dortoir, vous retrouverez dans le Vexin l'esprit des refuges des Pyr\u00e9n\u00e9es ou du chemin de Saint Jacques de Compostelle.","breadcrumb":{"@id":"https:\/\/www.fontainecouture.fr\/en\/dormitory\/#breadcrumb"},"inLanguage":"en-US","potentialAction":[{"@type":"ReadAction","target":["https:\/\/www.fontainecouture.fr\/en\/dormitory\/"]}]},{"@type":"BreadcrumbList","@id":"https:\/\/www.fontainecouture.fr\/en\/dormitory\/#breadcrumb","itemListElement":[{"@type":"ListItem","position":1,"name":"Accueil","item":"https:\/\/www.fontainecouture.fr\/en\/fontaine-couture-a-halt-in-themericourt-france\/"},{"@type":"ListItem","position":2,"name":"Dormitory"}]},{"@type":"WebSite","@id":"https:\/\/www.fontainecouture.fr\/#website","url":"https:\/\/www.fontainecouture.fr\/","name":"Fontaine-Couture","description":"G\u00eete d&#039;\u00e9tape \u00e0 Th\u00e9m\u00e9ricourt","potentialAction":[{"@type":"SearchAction","target":{"@type":"EntryPoint","urlTemplate":"https:\/\/www.fontainecouture.fr\/?s={search_term_string}"},"query-input":{"@type":"PropertyValueSpecification","valueRequired":true,"valueName":"search_term_string"}}],"inLanguage":"en-US"}]}},"_links":{"self":[{"href":"https:\/\/www.fontainecouture.fr\/en\/wp-json\/wp\/v2\/pages\/1169"}],"collection":[{"href":"https:\/\/www.fontainecouture.fr\/en\/wp-json\/wp\/v2\/pages"}],"about":[{"href":"https:\/\/www.fontainecouture.fr\/en\/wp-json\/wp\/v2\/types\/page"}],"author":[{"embeddable":true,"href":"https:\/\/www.fontainecouture.fr\/en\/wp-json\/wp\/v2\/users\/1"}],"replies":[{"embeddable":true,"href":"https:\/\/www.fontainecouture.fr\/en\/wp-json\/wp\/v2\/comments?post=1169"}],"version-history":[{"count":0,"href":"https:\/\/www.fontainecouture.fr\/en\/wp-json\/wp\/v2\/pages\/1169\/revisions"}],"wp:attachment":[{"href":"https:\/\/www.fontainecouture.fr\/en\/wp-json\/wp\/v2\/media?parent=1169"}],"curies":[{"name":"wp","href":"https:\/\/api.w.org\/{rel}","templated":true}]}}