{"id":1257,"date":"2018-10-18T15:24:27","date_gmt":"2018-10-18T13:24:27","guid":{"rendered":"https:\/\/www.fontainecouture.fr\/?page_id=1257"},"modified":"2021-02-24T12:33:35","modified_gmt":"2021-02-24T11:33:35","slug":"contact-us","status":"publish","type":"page","link":"https:\/\/www.fontainecouture.fr\/en\/contact-us\/","title":{"rendered":"Contact us"},"content":{"rendered":"<div class=\"wpb-content-wrapper\">[vc_section][vc_row][vc_column][vc_empty_space height=&#8221;100px&#8221;][\/vc_column][\/vc_row][\/vc_section][vc_section][vc_row css=&#8221;.vc_custom_1539036695336{margin-top: 20px !important;margin-bottom: 30px !important;}&#8221;][vc_column]<style>.vcex-heading.vcex_69f4816b452ae{font-size:35px;}<\/style><h1 class=\"vcex-heading vcex-heading-plain vcex-module wpex-heading wpex-text-2xl vcex_69f4816b452ae\"><span class=\"vcex-heading-inner wpex-inline-block\">contact<\/span><\/h1>[\/vc_column][\/vc_row][vc_row][vc_column][vc_column_text css=&#8221;.vc_custom_1539219089942{margin-bottom: 20px !important;}&#8221;]\n<p style=\"text-align: justify;\">You can fill the form below to send a message, we will answer to it as soon as possible. You will find our phone and our address at the bottom of the page. Please, call us&#8230; or knock at our door directly !<\/p>\n[\/vc_column_text][\/vc_column][\/vc_row][\/vc_section][vc_section][vc_row][vc_column]\n<div class=\"wpcf7 no-js\" id=\"wpcf7-f5-o1\" lang=\"fr-FR\" dir=\"ltr\" data-wpcf7-id=\"5\">\n<div class=\"screen-reader-response\"><p role=\"status\" aria-live=\"polite\" aria-atomic=\"true\"><\/p> <ul><\/ul><\/div>\n<form action=\"\/en\/wp-json\/wp\/v2\/pages\/1257#wpcf7-f5-o1\" method=\"post\" class=\"wpcf7-form init\" aria-label=\"Formulaire de contact\" novalidate=\"novalidate\" data-status=\"init\">\n<div style=\"display: none;\">\n<input type=\"hidden\" name=\"_wpcf7\" value=\"5\" \/>\n<input type=\"hidden\" name=\"_wpcf7_version\" value=\"6.0.6\" \/>\n<input type=\"hidden\" name=\"_wpcf7_locale\" value=\"fr_FR\" \/>\n<input type=\"hidden\" name=\"_wpcf7_unit_tag\" value=\"wpcf7-f5-o1\" \/>\n<input type=\"hidden\" name=\"_wpcf7_container_post\" value=\"0\" \/>\n<input type=\"hidden\" name=\"_wpcf7_posted_data_hash\" value=\"\" \/>\n<input type=\"hidden\" name=\"_wpcf7_recaptcha_response\" value=\"\" \/>\n<\/div>\n<p><label> Votre nom (obligatoire)<br \/>\n<span class=\"wpcf7-form-control-wrap\" data-name=\"your-name\"><input size=\"40\" maxlength=\"400\" class=\"wpcf7-form-control wpcf7-text wpcf7-validates-as-required\" id=\"contour_formulaire\" aria-required=\"true\" aria-invalid=\"false\" value=\"\" type=\"text\" name=\"your-name\" \/><\/span> <\/label>\n<\/p>\n<p><label> Votre adresse de messagerie (obligatoire)<br \/>\n<span class=\"wpcf7-form-control-wrap\" data-name=\"your-email\"><input size=\"40\" maxlength=\"400\" class=\"wpcf7-form-control wpcf7-email wpcf7-validates-as-required wpcf7-text wpcf7-validates-as-email\" aria-required=\"true\" aria-invalid=\"false\" value=\"\" type=\"email\" name=\"your-email\" \/><\/span> <\/label>\n<\/p>\n<p><label> Objet<br \/>\n<span class=\"wpcf7-form-control-wrap\" data-name=\"your-subject\"><input size=\"40\" maxlength=\"400\" class=\"wpcf7-form-control wpcf7-text\" aria-invalid=\"false\" value=\"\" type=\"text\" name=\"your-subject\" \/><\/span> <\/label>\n<\/p>\n<p><label> Votre message<br \/>\n<span class=\"wpcf7-form-control-wrap\" data-name=\"your-message\"><textarea cols=\"40\" rows=\"10\" maxlength=\"2000\" class=\"wpcf7-form-control wpcf7-textarea\" aria-invalid=\"false\" name=\"your-message\"><\/textarea><\/span> <\/label>\n<\/p>\n<p><label> <span class=\"wpcf7-form-control-wrap\" data-name=\"quiz-536\"><label><span class=\"wpcf7-quiz-label\">7 + 7 ? (obligatoire)<\/span> <input size=\"40\" class=\"wpcf7-form-control wpcf7-quiz\" autocomplete=\"off\" aria-required=\"true\" aria-invalid=\"false\" type=\"text\" name=\"quiz-536\" \/><\/label><input type=\"hidden\" name=\"_wpcf7_quiz_answer_quiz-536\" value=\"83ee620c1491583b7db73d0319c98746\" \/><\/span><\/label>\n<\/p>\n<p><input class=\"wpcf7-form-control wpcf7-submit has-spinner\" type=\"submit\" value=\"Envoyer\" \/>\n<\/p><p style=\"display: none !important;\" class=\"akismet-fields-container\" data-prefix=\"_wpcf7_ak_\"><label>&#916;<textarea name=\"_wpcf7_ak_hp_textarea\" cols=\"45\" rows=\"8\" maxlength=\"100\"><\/textarea><\/label><input type=\"hidden\" id=\"ak_js_1\" name=\"_wpcf7_ak_js\" value=\"90\"\/><script>document.getElementById( \"ak_js_1\" ).setAttribute( \"value\", ( new Date() ).getTime() );<\/script><\/p><div class=\"wpcf7-response-output\" aria-hidden=\"true\"><\/div>\n<\/form>\n<\/div>\n[\/vc_column][\/vc_row][\/vc_section][vc_row content_placement=&#8221;middle&#8221; remove_bottom_col_margin=&#8221;true&#8221;][vc_column][vc_single_image image=&#8221;2087&#8243; img_size=&#8221;medium&#8221; alignment=&#8221;center&#8221;][\/vc_column][\/vc_row]\n<\/div>","protected":false},"excerpt":{"rendered":"<p>[vc_section][vc_row][vc_column][vc_empty_space height=&#8221;100px&#8221;][\/vc_column][\/vc_row][\/vc_section][vc_section][vc_row css=&#8221;.vc_custom_1539036695336{margin-top: 20px !important;margin-bottom: 30px !important;}&#8221;][vc_column][\/vc_column][\/vc_row][vc_row][vc_column][vc_column_text css=&#8221;.vc_custom_1539219089942{margin-bottom: 20px !important;}&#8221;] You can fill the form below to send a message, we will answer to it as soon as possible. You will find our phone and our address at the bottom of the page. Please, call us&#8230; or knock at our door directly ! [\/vc_column_text][\/vc_column][\/vc_row][\/vc_section][vc_section][vc_row][vc_column][\/vc_column][\/vc_row][\/vc_section][vc_row content_placement=&#8221;middle&#8221;&hellip;<\/p>\n","protected":false},"author":1,"featured_media":0,"parent":0,"menu_order":0,"comment_status":"closed","ping_status":"closed","template":"","meta":{"_exactmetrics_skip_tracking":false,"_exactmetrics_sitenote_active":false,"_exactmetrics_sitenote_note":"","_exactmetrics_sitenote_category":0,"footnotes":""},"class_list":["post-1257","page","type-page","status-publish","hentry","entry","no-media"],"yoast_head":"<!-- This site is optimized with the Yoast SEO plugin v25.1 - https:\/\/yoast.com\/wordpress\/plugins\/seo\/ -->\n<title>Contact us - Le refuge Fontaine Couture, a halt in Th\u00e9m\u00e9ricourt<\/title>\n<meta name=\"description\" content=\"You can fill the form below to send a message, we will answer to it as soon as possible. You will find our phone and our address at the bottom of the page. Please, call us... or knock at our door directly !\" \/>\n<meta name=\"robots\" content=\"index, follow, max-snippet:-1, max-image-preview:large, max-video-preview:-1\" \/>\n<link rel=\"canonical\" href=\"https:\/\/www.fontainecouture.fr\/en\/contact-us\/\" \/>\n<meta property=\"og:locale\" content=\"en_US\" \/>\n<meta property=\"og:type\" content=\"article\" \/>\n<meta property=\"og:title\" content=\"Contact us - Le refuge Fontaine Couture, a halt in Th\u00e9m\u00e9ricourt\" \/>\n<meta property=\"og:description\" content=\"You can fill the form below to send a message, we will answer to it as soon as possible. You will find our phone and our address at the bottom of the page. Please, call us... or knock at our door directly !\" \/>\n<meta property=\"og:url\" content=\"https:\/\/www.fontainecouture.fr\/en\/contact-us\/\" \/>\n<meta property=\"og:site_name\" content=\"Fontaine-Couture\" \/>\n<meta property=\"article:modified_time\" content=\"2021-02-24T11:33:35+00:00\" \/>\n<meta name=\"twitter:card\" content=\"summary_large_image\" \/>\n<meta name=\"twitter:label1\" content=\"Est. reading time\" \/>\n\t<meta name=\"twitter:data1\" content=\"1 minute\" \/>\n<script type=\"application\/ld+json\" class=\"yoast-schema-graph\">{\"@context\":\"https:\/\/schema.org\",\"@graph\":[{\"@type\":\"WebPage\",\"@id\":\"https:\/\/www.fontainecouture.fr\/en\/contact-us\/\",\"url\":\"https:\/\/www.fontainecouture.fr\/en\/contact-us\/\",\"name\":\"Contact us - Le refuge Fontaine Couture, a halt in Th\u00e9m\u00e9ricourt\",\"isPartOf\":{\"@id\":\"https:\/\/www.fontainecouture.fr\/#website\"},\"datePublished\":\"2018-10-18T13:24:27+00:00\",\"dateModified\":\"2021-02-24T11:33:35+00:00\",\"description\":\"You can fill the form below to send a message, we will answer to it as soon as possible. You will find our phone and our address at the bottom of the page. Please, call us... or knock at our door directly !\",\"breadcrumb\":{\"@id\":\"https:\/\/www.fontainecouture.fr\/en\/contact-us\/#breadcrumb\"},\"inLanguage\":\"en-US\",\"potentialAction\":[{\"@type\":\"ReadAction\",\"target\":[\"https:\/\/www.fontainecouture.fr\/en\/contact-us\/\"]}]},{\"@type\":\"BreadcrumbList\",\"@id\":\"https:\/\/www.fontainecouture.fr\/en\/contact-us\/#breadcrumb\",\"itemListElement\":[{\"@type\":\"ListItem\",\"position\":1,\"name\":\"Accueil\",\"item\":\"https:\/\/www.fontainecouture.fr\/en\/fontaine-couture-a-halt-in-themericourt-france\/\"},{\"@type\":\"ListItem\",\"position\":2,\"name\":\"Contact us\"}]},{\"@type\":\"WebSite\",\"@id\":\"https:\/\/www.fontainecouture.fr\/#website\",\"url\":\"https:\/\/www.fontainecouture.fr\/\",\"name\":\"Fontaine-Couture\",\"description\":\"G\u00eete d&#039;\u00e9tape \u00e0 Th\u00e9m\u00e9ricourt\",\"potentialAction\":[{\"@type\":\"SearchAction\",\"target\":{\"@type\":\"EntryPoint\",\"urlTemplate\":\"https:\/\/www.fontainecouture.fr\/?s={search_term_string}\"},\"query-input\":{\"@type\":\"PropertyValueSpecification\",\"valueRequired\":true,\"valueName\":\"search_term_string\"}}],\"inLanguage\":\"en-US\"}]}<\/script>\n<!-- \/ Yoast SEO plugin. -->","yoast_head_json":{"title":"Contact us - Le refuge Fontaine Couture, a halt in Th\u00e9m\u00e9ricourt","description":"You can fill the form below to send a message, we will answer to it as soon as possible. You will find our phone and our address at the bottom of the page. Please, call us... or knock at our door directly !","robots":{"index":"index","follow":"follow","max-snippet":"max-snippet:-1","max-image-preview":"max-image-preview:large","max-video-preview":"max-video-preview:-1"},"canonical":"https:\/\/www.fontainecouture.fr\/en\/contact-us\/","og_locale":"en_US","og_type":"article","og_title":"Contact us - Le refuge Fontaine Couture, a halt in Th\u00e9m\u00e9ricourt","og_description":"You can fill the form below to send a message, we will answer to it as soon as possible. You will find our phone and our address at the bottom of the page. Please, call us... or knock at our door directly !","og_url":"https:\/\/www.fontainecouture.fr\/en\/contact-us\/","og_site_name":"Fontaine-Couture","article_modified_time":"2021-02-24T11:33:35+00:00","twitter_card":"summary_large_image","twitter_misc":{"Est. reading time":"1 minute"},"schema":{"@context":"https:\/\/schema.org","@graph":[{"@type":"WebPage","@id":"https:\/\/www.fontainecouture.fr\/en\/contact-us\/","url":"https:\/\/www.fontainecouture.fr\/en\/contact-us\/","name":"Contact us - Le refuge Fontaine Couture, a halt in Th\u00e9m\u00e9ricourt","isPartOf":{"@id":"https:\/\/www.fontainecouture.fr\/#website"},"datePublished":"2018-10-18T13:24:27+00:00","dateModified":"2021-02-24T11:33:35+00:00","description":"You can fill the form below to send a message, we will answer to it as soon as possible. You will find our phone and our address at the bottom of the page. Please, call us... or knock at our door directly !","breadcrumb":{"@id":"https:\/\/www.fontainecouture.fr\/en\/contact-us\/#breadcrumb"},"inLanguage":"en-US","potentialAction":[{"@type":"ReadAction","target":["https:\/\/www.fontainecouture.fr\/en\/contact-us\/"]}]},{"@type":"BreadcrumbList","@id":"https:\/\/www.fontainecouture.fr\/en\/contact-us\/#breadcrumb","itemListElement":[{"@type":"ListItem","position":1,"name":"Accueil","item":"https:\/\/www.fontainecouture.fr\/en\/fontaine-couture-a-halt-in-themericourt-france\/"},{"@type":"ListItem","position":2,"name":"Contact us"}]},{"@type":"WebSite","@id":"https:\/\/www.fontainecouture.fr\/#website","url":"https:\/\/www.fontainecouture.fr\/","name":"Fontaine-Couture","description":"G\u00eete d&#039;\u00e9tape \u00e0 Th\u00e9m\u00e9ricourt","potentialAction":[{"@type":"SearchAction","target":{"@type":"EntryPoint","urlTemplate":"https:\/\/www.fontainecouture.fr\/?s={search_term_string}"},"query-input":{"@type":"PropertyValueSpecification","valueRequired":true,"valueName":"search_term_string"}}],"inLanguage":"en-US"}]}},"_links":{"self":[{"href":"https:\/\/www.fontainecouture.fr\/en\/wp-json\/wp\/v2\/pages\/1257"}],"collection":[{"href":"https:\/\/www.fontainecouture.fr\/en\/wp-json\/wp\/v2\/pages"}],"about":[{"href":"https:\/\/www.fontainecouture.fr\/en\/wp-json\/wp\/v2\/types\/page"}],"author":[{"embeddable":true,"href":"https:\/\/www.fontainecouture.fr\/en\/wp-json\/wp\/v2\/users\/1"}],"replies":[{"embeddable":true,"href":"https:\/\/www.fontainecouture.fr\/en\/wp-json\/wp\/v2\/comments?post=1257"}],"version-history":[{"count":0,"href":"https:\/\/www.fontainecouture.fr\/en\/wp-json\/wp\/v2\/pages\/1257\/revisions"}],"wp:attachment":[{"href":"https:\/\/www.fontainecouture.fr\/en\/wp-json\/wp\/v2\/media?parent=1257"}],"curies":[{"name":"wp","href":"https:\/\/api.w.org\/{rel}","templated":true}]}}