{"id":1406,"date":"2018-11-05T15:51:22","date_gmt":"2018-11-05T14:51:22","guid":{"rendered":"https:\/\/www.fontainecouture.fr\/our-partners\/"},"modified":"2021-06-27T16:36:35","modified_gmt":"2021-06-27T14:36:35","slug":"partners","status":"publish","type":"page","link":"https:\/\/www.fontainecouture.fr\/en\/partners\/","title":{"rendered":"Our partners"},"content":{"rendered":"<div class=\"wpb-content-wrapper\">[vc_row][vc_column][vc_empty_space height=&#8221;100px&#8221;][\/vc_column][\/vc_row][vc_row][vc_column css=&#8221;.vc_custom_1539599984163{margin-top: 50px !important;margin-bottom: 50px !important;}&#8221;]<h1 class=\"vcex-heading vcex-heading-plain vcex-module wpex-heading wpex-text-2xl\"><span class=\"vcex-heading-inner wpex-inline-block\">our partners<\/span><\/h1>[\/vc_column][\/vc_row][vc_row equal_height=&#8221;yes&#8221;][vc_column width=&#8221;1\/6&#8243;][vc_single_image image=&#8221;1407&#8243; img_size=&#8221;173&#215;226&#8243; onclick=&#8221;custom_link&#8221; img_link_target=&#8221;_blank&#8221; link=&#8221;http:\/\/www.pnr-vexin-francais.fr\/&#8221;][\/vc_column][vc_column width=&#8221;2\/6&#8243;][vc_single_image image=&#8221;1399&#8243; img_size=&#8221;&#8221; alignment=&#8221;left&#8221; onclick=&#8221;custom_link&#8221; img_link_target=&#8221;_blank&#8221; link=&#8221;http:\/\/valdoisemybalade.fr\/&#8221;][\/vc_column][vc_column width=&#8221;2\/6&#8243;][vc_single_image image=&#8221;1439&#8243; img_size=&#8221;185&#215;185&#8243;][\/vc_column][\/vc_row][vc_row css=&#8221;.vc_custom_1541438661231{padding-bottom: 20px !important;}&#8221;][vc_column css=&#8221;.vc_custom_1539600279350{margin-top: 50px !important;background-color: #ffffff !important;}&#8221;]<style>.vcex-heading.vcex_69fa06aeb18e9{font-size:21px;font-family:Muli;}<\/style><h3 class=\"vcex-heading vcex-heading-plain vcex-module wpex-heading wpex-text-2xl enseigne vcex_69fa06aeb18e9\"><span class=\"vcex-heading-inner wpex-inline-block\">French Vexin natural regional park<\/span><\/h3>[vc_column_text color=&#8221;#000000&#8243;]\n<p style=\"text-align: justify;\">Au nord-ouest de l\u2019Ile-de-France, le Parc naturel r\u00e9gional du Vexin fran\u00e7ais s\u2019\u00e9tend sur 98 communes du Val d\u2019Oise et des Yvelines et 71 000 hectares. Le classement du Parc repose autant sur la qualit\u00e9 des paysages et des milieux naturels que sur la grande homog\u00e9n\u00e9it\u00e9 et la qualit\u00e9 architecturale des villages.<\/p>\n<p style=\"text-align: justify;\">Le Vexin fran\u00e7ais est un territoire o\u00f9 nature, histoire, patrimoine et culture se conjuguent \u00e0 tous les temps. Des coteaux de l\u2019Epte, fronti\u00e8re historique et naturelle avec la Normandie, aux vall\u00e9es verdoyantes de la Viosne ou du Sausseron, du plateau agricole aux spectaculaires falaises crayeuses de La Roche-Guyon, ce vaste plateau calcaire est reconnu pour la richesse de ses paysages, de son patrimoine et de sa biodiversit\u00e9. D\u00e9limit\u00e9 par la Seine au sud, l\u2019Oise \u00e0 l\u2019est, l\u2019Epte \u00e0 l\u2019ouest et la Tro\u00ebsne et l\u2019Esches au nord, il est entaill\u00e9 de vall\u00e9es (Sausseron, Viosne, Aubette, Montcient) et pr\u00e9sente des paysages fortement marqu\u00e9s par une activit\u00e9 agricole o\u00f9 dominent les grandes cultures (bl\u00e9, orge, colza). Les buttes d\u2019Arthies, de Rosne et de Marines dressent leur silhouette bois\u00e9e en surplomb du plateau.<\/p>\n<p style=\"text-align: justify;\">A moins d&#8217;une heure de Paris, le Vexin fran\u00e7ais offre une multitude d&#8217;activit\u00e9s de pleine nature\u00a0: randonn\u00e9e, v\u00e9lo, \u00e9quitation, cano\u00eb\u2026 Il se d\u00e9couvre \u00e9galement au travers de nombreux sites de visite\u00a0: Villarceaux, joyau du patrimoine francilien, le ch\u00e2teau de La Roche-Guyon et ses dix si\u00e8cles d\u2019histoire, Auvers-sur-Oise et ses nombreuses \u00e9vocations des ma\u00eetres de l\u2019Impressionnisme ainsi que\u00a0 les mus\u00e9es rappelant l\u2019histoire et les traditions du Vexin fran\u00e7ais\u00a0: mus\u00e9e du Vexin fran\u00e7ais \u00e0 Th\u00e9m\u00e9ricourt, mus\u00e9e arch\u00e9ologique du Val d\u2019Oise \u00e0 Guiry-en-Vexin, mus\u00e9e de l\u2019outil \u00e0 Wy-dit-joli-Village, maison du Pain \u00e0 Commeny, mus\u00e9e de la moisson \u00e0 Sagy, maison des arts et m\u00e9tiers de la vigne \u00e0 Marines\u2026<\/p>\n<p style=\"text-align: justify;\">Le Parc naturel r\u00e9gional du Vexin fran\u00e7ais s\u2019attache \u00e0 sauvegarder et \u00e0 valoriser ce patrimoine, ainsi que les savoir-faire qui l\u2019ont fa\u00e7onn\u00e9. En 2014, le Vexin fran\u00e7ais est devenu le premier Parc naturel r\u00e9gional labellis\u00e9 &#8220;Pays d\u2019art et d\u2019histoire&#8221; par le Minist\u00e8re de la Culture et de la Communication.<\/p>\n[\/vc_column_text][vc_single_image image=&#8221;3335&#8243;][vc_column_text color=&#8221;#000000&#8243; font_family=&#8221;ABeeZee&#8221;]<span style=\"font-size: 14px;\">Nous avons obtenu la marque \u00ab\u00a0Valeurs Parc\u00a0\u00bb en <i>2021.<\/i><\/span><\/p>\n<p><span style=\"font-size: 14px;\">D\u00e9velopp\u00e9e par les Parcs naturels r\u00e9gionaux fran\u00e7ais, la marque met en lumi\u00e8re des produits, des savoir-faire, des services imagin\u00e9s et cr\u00e9\u00e9s par des hommes et des femmes qui s&#8217;engagent dans la pr\u00e9servation et la promotion du Vexin fran\u00e7ais.<\/span><span style=\"font-size: 14px;\">Nous respectons un cahier des charges avec des crit\u00e8res \u00e0 respecter au niveau environnemental, social et \u00e9conomique et nous nous engageons dans une\u00a0d\u00e9marche de progr\u00e8s.<\/span><\/p>\n<p align=\"JUSTIFY\"><span style=\"font-size: 14px;\">Choisir un produit, un h\u00e9bergement ou une prestation touristique b\u00e9n\u00e9ficiant de la marque \u00ab\u00a0Valeurs\u00a0Parc\u00a0\u00bb, c\u2019est favoriser les professionnels locaux impliqu\u00e9s dans le d\u00e9veloppement\u00a0durable de leur territoire. C\u2019est aussi l\u2019assurance d\u2019\u00eatre accueilli par des\u00a0professionnels qui connaissent bien le Parc naturel r\u00e9gional du Vexin fran\u00e7ais.<\/span><\/p>\n<p align=\"JUSTIFY\"><span style=\"font-size: 14px;\">Fi\u00e8re de ces patrimoines, nous nous engageons aux c\u00f4t\u00e9s du Parc dont nous partageons les valeurs. <\/span><span style=\"font-size: 14px;\">Le Parc naturel r\u00e9gional du Vexin fran\u00e7ais attribue sa marque \u00e0 des produits agricoles et des services tels que les h\u00e9bergements, les restaurants, les sorties accompagn\u00e9es et les sites de visite\u00a0: <a href=\"http:\/\/www.pnr-vexin-francais.fr\/fr\/decouverte-du-territoire\/marque-parc\/\">http:\/\/www.pnr-vexin-francais.fr\/fr\/decouverte-du-territoire\/marque-parc\/<\/a><\/span><\/p>\n[\/vc_column_text][\/vc_column][\/vc_row][vc_row css=&#8221;.vc_custom_1541438672806{padding-bottom: 20px !important;}&#8221;][vc_column css=&#8221;.vc_custom_1539600279350{margin-top: 50px !important;background-color: #ffffff !important;}&#8221;]<style>.vcex-heading.vcex_69fa06aeb28c7{font-size:21px;font-family:Muli;}<\/style><h3 class=\"vcex-heading vcex-heading-plain vcex-module wpex-heading wpex-text-2xl enseigne vcex_69fa06aeb28c7\"><span class=\"vcex-heading-inner wpex-inline-block\">My balade - the department's tourism website and app<\/span><\/h3>[vc_column_text color=&#8221;#000000&#8243;]Retrouvez sur ce lien :\u00a0<a id=\"lien\" href=\"http:\/\/valdoisemybalade.fr\/\">http:\/\/valdoisemybalade.fr<\/a>\u00a0la carte du d\u00e9partement avec de nombreux circuits de randonn\u00e9e, promenades, pistes cyclables, mais aussi un agenda des \u00e9v\u00e8nements, les monuments et mus\u00e9es et autres informations qui vous donneront de bonnes id\u00e9es pour votre s\u00e9jour.[\/vc_column_text][\/vc_column][\/vc_row][vc_row remove_bottom_col_margin=&#8221;true&#8221; css=&#8221;.vc_custom_1541441131337{margin-top: 30px !important;}&#8221;][vc_column css=&#8221;.vc_custom_1539599984163{margin-top: 50px !important;margin-bottom: 50px !important;}&#8221;]<h1 class=\"vcex-heading vcex-heading-plain vcex-module wpex-heading wpex-text-2xl vc_custom_1541441109840\"><span class=\"vcex-heading-inner wpex-inline-block\">Our friends can help you too :<\/span><\/h1>[\/vc_column][\/vc_row][vc_row remove_bottom_col_margin=&#8221;true&#8221; css=&#8221;.vc_custom_1541441272626{margin-bottom: 20px !important;}&#8221;][vc_column css=&#8221;.vc_custom_1541441191567{margin-top: 0px !important;background-color: #ffffff !important;}&#8221;]<style>.vcex-heading.vcex_69fa06aeb36e4{font-size:21px;font-family:Muli;}<\/style><h3 class=\"vcex-heading vcex-heading-plain vcex-module wpex-heading wpex-text-2xl vcex_69fa06aeb36e4\"><span class=\"vcex-heading-inner wpex-inline-block\">Gracianne's recipes<\/span><\/h3>[vc_row_inner css=&#8221;.vc_custom_1541438695621{padding-bottom: 20px !important;}&#8221;][vc_column_inner width=&#8221;1\/3&#8243;][vc_single_image image=&#8221;1449&#8243;][\/vc_column_inner][vc_column_inner width=&#8221;2\/3&#8243;][vc_column_text color=&#8221;#000000&#8243;]\nRetrouvez sur ce lien :\u00a0<a href=\"https:\/\/recettes.de\/un-dimanche-a-la-campagne\">https:\/\/recettes.de\/un-dimanche-a-la-campagne<\/a> le blog de recettes de Gracianne, notre voisine \u00e0 Th\u00e9m\u00e9ricourt. Une bonne source d&#8217;inspiration pour mijoter des plats dans la cuisine collective du refuge&#8230; et plus tard chez vous, bien s\u00fbr !<br \/>\n[\/vc_column_text][\/vc_column_inner][\/vc_row_inner][\/vc_column][\/vc_row][vc_row css=&#8221;.vc_custom_1541441253072{margin-bottom: 20px !important;}&#8221;][vc_column css=&#8221;.vc_custom_1541441213359{background-color: #ffffff !important;}&#8221;]<style>.vcex-heading.vcex_69fa06aeb3d79{font-size:21px;font-family:Muli;}<\/style><h3 class=\"vcex-heading vcex-heading-plain vcex-module wpex-heading wpex-text-2xl vcex_69fa06aeb3d79\"><span class=\"vcex-heading-inner wpex-inline-block\">Vexin's Beer<\/span><\/h3>[vc_row_inner css=&#8221;.vc_custom_1541438695621{padding-bottom: 20px !important;}&#8221;][vc_column_inner width=&#8221;1\/4&#8243;][vc_single_image image=&#8221;1454&#8243; img_size=&#8221;&#8221;][\/vc_column_inner][vc_column_inner width=&#8221;3\/4&#8243;][vc_column_text color=&#8221;#000000&#8243;]\nRetrouvez sur ce lien :\u00a0<a href=\"https:\/\/www.biere-du-vexin.com\/\">www.biere-du-vexin.com<\/a>\u00a0le site de la Bi\u00e8re du Vexin. \u00c0 5 minutes \u00e0 pied depuis le g\u00eete, d\u00e9gustez la meilleure bi\u00e8re au monde ! Denis et Brigitte vous accueillerons chaleureusement\u00a0 dans le magasin de leur ferme situ\u00e9e, elle aussi, \u00e0 Th\u00e9m\u00e9ricourt.<br \/>\n[\/vc_column_text][\/vc_column_inner][\/vc_row_inner][\/vc_column][\/vc_row][vc_row css=&#8221;.vc_custom_1541441370384{margin-bottom: 20px !important;}&#8221;][vc_column css=&#8221;.vc_custom_1541441337433{background-color: #ffffff !important;}&#8221;]<style>.vcex-heading.vcex_69fa06aeb430d{font-size:21px;font-family:Muli;}<\/style><h3 class=\"vcex-heading vcex-heading-plain vcex-module wpex-heading wpex-text-2xl vcex_69fa06aeb430d\"><span class=\"vcex-heading-inner wpex-inline-block\">Le Clos du P\u00e9tillon<\/span><\/h3>[vc_row_inner css=&#8221;.vc_custom_1541438695621{padding-bottom: 20px !important;}&#8221;][vc_column_inner width=&#8221;1\/3&#8243;][vc_single_image image=&#8221;1459&#8243; img_size=&#8221;&#8221; onclick=&#8221;custom_link&#8221; link=&#8221;http:\/\/www.leclosdupetillon.fr&#8221;][\/vc_column_inner][vc_column_inner width=&#8221;2\/3&#8243;][vc_column_text color=&#8221;#000000&#8243;]\n<p style=\"text-align: justify;\">Retrouvez sur ce lien :\u00a0<a id=\"lien\" href=\"https:\/\/www.leclosdupetillon.fr\/\">www.leclosdupetillon.fr<\/a>\u00a0le site du restaurant gastronomique de Th\u00e9m\u00e9ricourt. Si vous avez envie de vous r\u00e9galer avec de la cuisine traditionnelle locale et corse, et que vous \u00eates trop \u00e9puis\u00e9 pour pr\u00e9parer \u00e0 manger dans la cuisine commune, vous n&#8217;avez qu&#8217;\u00e0 faire quelques pas pour mettre les pieds sous la table !<\/p>\n<p>&nbsp;<br \/>\n[\/vc_column_text][\/vc_column_inner][\/vc_row_inner][\/vc_column][\/vc_row][vc_row css=&#8221;.vc_custom_1541441370384{margin-bottom: 20px !important;}&#8221;][vc_column css=&#8221;.vc_custom_1541441337433{background-color: #ffffff !important;}&#8221;]<style>.vcex-heading.vcex_69fa06aeb4807{font-size:21px;font-family:Muli;}<\/style><h3 class=\"vcex-heading vcex-heading-plain vcex-module wpex-heading wpex-text-2xl vcex_69fa06aeb4807\"><span class=\"vcex-heading-inner wpex-inline-block\">Rando V\u00e9lo Vexin<\/span><\/h3>[vc_row_inner css=&#8221;.vc_custom_1541438695621{padding-bottom: 20px !important;}&#8221;][vc_column_inner width=&#8221;1\/3&#8243;][vc_single_image image=&#8221;2252&#8243; img_size=&#8221;&#8221; onclick=&#8221;custom_link&#8221; link=&#8221;http:\/\/www.rando-velo-vexin.com&#8221;][\/vc_column_inner][vc_column_inner width=&#8221;2\/3&#8243;][vc_column_text color=&#8221;#000000&#8243;]\n<p style=\"text-align: justify;\">Retrouvez sur ce lien : \u00a0<a id=\"lien\" href=\"http:\/\/www.rando-velo-vexin.com\/\">www.rando-vexin-velo.fr<\/a>\u00a0\u00a0le site de randonn\u00e9es \u00e0 v\u00e9lo organis\u00e9es dans le Vexin. Leur projet : &#8221; Nous avons voulu participer \u00e0 la vie de notre territoire en proposant des activit\u00e9s sportives et culturelles, dans l\u2019esprit du tourisme durable, montrant notre attachement \u00e0 notre terroir en lui donnant une dimension humaine et dans le respect de l\u2019environnement&#8221;.<\/p>\n[\/vc_column_text][\/vc_column_inner][\/vc_row_inner][\/vc_column][\/vc_row][vc_row css=&#8221;.vc_custom_1541441370384{margin-bottom: 20px !important;}&#8221;][vc_column css=&#8221;.vc_custom_1541441337433{background-color: #ffffff !important;}&#8221;]<style>.vcex-heading.vcex_69fa06aeb4d0f{font-size:21px;font-family:Muli;}<\/style><h3 class=\"vcex-heading vcex-heading-plain vcex-module wpex-heading wpex-text-2xl vcex_69fa06aeb4d0f\"><span class=\"vcex-heading-inner wpex-inline-block\">Montgolfi\u00e8re du Vexin<\/span><\/h3>[vc_row_inner css=&#8221;.vc_custom_1541438695621{padding-bottom: 20px !important;}&#8221;][vc_column_inner width=&#8221;1\/3&#8243;][vc_single_image image=&#8221;2254&#8243; img_size=&#8221;&#8221; onclick=&#8221;custom_link&#8221; link=&#8221;https:\/\/www.vexinmontgolfiere.fr\/&#8221;][\/vc_column_inner][vc_column_inner width=&#8221;2\/3&#8243;][vc_column_text color=&#8221;#000000&#8243;]\n<p style=\"text-align: justify;\">Retrouvez sur ce lien : <a id=\"lien\" href=\"https:\/\/www.vexinmontgolfiere.fr\/\">www.vexinmontgolfiere.fr<\/a>\u00a0le site de Montgolfi\u00e8re du Vexin, pour d\u00e9couvrir notre joli pays vu d&#8217;en haut !<\/p>\n[\/vc_column_text][\/vc_column_inner][\/vc_row_inner][\/vc_column][\/vc_row][vc_row css=&#8221;.vc_custom_1541441370384{margin-bottom: 20px !important;}&#8221;][vc_column css=&#8221;.vc_custom_1541441337433{background-color: #ffffff !important;}&#8221;]<style>.vcex-heading.vcex_69fa06aeb520e{font-size:21px;font-family:Muli;}<\/style><h3 class=\"vcex-heading vcex-heading-plain vcex-module wpex-heading wpex-text-2xl vcex_69fa06aeb520e\"><span class=\"vcex-heading-inner wpex-inline-block\">\u00c2nes en Vexin<\/span><\/h3>[vc_row_inner css=&#8221;.vc_custom_1541438695621{padding-bottom: 20px !important;}&#8221;][vc_column_inner width=&#8221;1\/3&#8243;][vc_single_image image=&#8221;2258&#8243; img_size=&#8221;&#8221; onclick=&#8221;custom_link&#8221; link=&#8221;https:\/\/www.anesenvexin.fr\/&#8221;][\/vc_column_inner][vc_column_inner width=&#8221;2\/3&#8243;][vc_column_text color=&#8221;#000000&#8243;]\n<p style=\"text-align: justify;\">Retrouvez sur ce lien : <a id=\"lien\" href=\"https:\/\/www.anesenvexin.fr\/\">www.anesenvexin.fr<\/a> le site de \u00c2nes en Vexin. Si comme nous vous les trouvez irr\u00e9sistiblement adorables, notre partenaire \u00c2nes en Vexin organise des randonn\u00e9es nature avec ce formidable compagnon de balade.<\/p>\n[\/vc_column_text][\/vc_column_inner][\/vc_row_inner][\/vc_column][\/vc_row]\n<\/div>","protected":false},"excerpt":{"rendered":"<p>[vc_row][vc_column][vc_empty_space height=&#8221;100px&#8221;][\/vc_column][\/vc_row][vc_row][vc_column css=&#8221;.vc_custom_1539599984163{margin-top: 50px !important;margin-bottom: 50px !important;}&#8221;][\/vc_column][\/vc_row][vc_row equal_height=&#8221;yes&#8221;][vc_column width=&#8221;1\/6&#8243;][vc_single_image image=&#8221;1407&#8243; img_size=&#8221;173&#215;226&#8243; onclick=&#8221;custom_link&#8221; img_link_target=&#8221;_blank&#8221; link=&#8221;http:\/\/www.pnr-vexin-francais.fr\/&#8221;][\/vc_column][vc_column width=&#8221;2\/6&#8243;][vc_single_image image=&#8221;1399&#8243; img_size=&#8221;&#8221; alignment=&#8221;left&#8221; onclick=&#8221;custom_link&#8221; img_link_target=&#8221;_blank&#8221; link=&#8221;http:\/\/valdoisemybalade.fr\/&#8221;][\/vc_column][vc_column width=&#8221;2\/6&#8243;][vc_single_image image=&#8221;1439&#8243; img_size=&#8221;185&#215;185&#8243;][\/vc_column][\/vc_row][vc_row css=&#8221;.vc_custom_1541438661231{padding-bottom: 20px !important;}&#8221;][vc_column css=&#8221;.vc_custom_1539600279350{margin-top: 50px !important;background-color: #ffffff !important;}&#8221;][vc_column_text color=&#8221;#000000&#8243;] Au nord-ouest de l\u2019Ile-de-France, le Parc naturel r\u00e9gional du Vexin fran\u00e7ais s\u2019\u00e9tend sur 98 communes du Val d\u2019Oise et des Yvelines et&hellip;<\/p>\n","protected":false},"author":1,"featured_media":0,"parent":0,"menu_order":0,"comment_status":"closed","ping_status":"closed","template":"","meta":{"_exactmetrics_skip_tracking":false,"_exactmetrics_sitenote_active":false,"_exactmetrics_sitenote_note":"","_exactmetrics_sitenote_category":0,"footnotes":""},"class_list":["post-1406","page","type-page","status-publish","hentry","entry","no-media"],"yoast_head":"<!-- This site is optimized with the Yoast SEO plugin v25.1 - https:\/\/yoast.com\/wordpress\/plugins\/seo\/ -->\n<title>Our partners - Le refuge Fontaine Couture, a halt in Th\u00e9m\u00e9ricourt<\/title>\n<meta name=\"description\" content=\"Discover here our partners and friends. They support us, and we are sure they can help you too : hikes, food, beer, you can find all need here !\" \/>\n<meta name=\"robots\" content=\"index, follow, max-snippet:-1, max-image-preview:large, max-video-preview:-1\" \/>\n<link rel=\"canonical\" href=\"https:\/\/www.fontainecouture.fr\/en\/partners\/\" \/>\n<meta property=\"og:locale\" content=\"en_US\" \/>\n<meta property=\"og:type\" content=\"article\" \/>\n<meta property=\"og:title\" content=\"Our partners - Le refuge Fontaine Couture, a halt in Th\u00e9m\u00e9ricourt\" \/>\n<meta property=\"og:description\" content=\"Discover here our partners and friends. They support us, and we are sure they can help you too : hikes, food, beer, you can find all need here !\" \/>\n<meta property=\"og:url\" content=\"https:\/\/www.fontainecouture.fr\/en\/partners\/\" \/>\n<meta property=\"og:site_name\" content=\"Fontaine-Couture\" \/>\n<meta property=\"article:modified_time\" content=\"2021-06-27T14:36:35+00:00\" \/>\n<meta name=\"twitter:card\" content=\"summary_large_image\" \/>\n<meta name=\"twitter:label1\" content=\"Est. reading time\" \/>\n\t<meta name=\"twitter:data1\" content=\"9 minutes\" \/>\n<script type=\"application\/ld+json\" class=\"yoast-schema-graph\">{\"@context\":\"https:\/\/schema.org\",\"@graph\":[{\"@type\":\"WebPage\",\"@id\":\"https:\/\/www.fontainecouture.fr\/en\/partners\/\",\"url\":\"https:\/\/www.fontainecouture.fr\/en\/partners\/\",\"name\":\"Our partners - Le refuge Fontaine Couture, a halt in Th\u00e9m\u00e9ricourt\",\"isPartOf\":{\"@id\":\"https:\/\/www.fontainecouture.fr\/#website\"},\"datePublished\":\"2018-11-05T14:51:22+00:00\",\"dateModified\":\"2021-06-27T14:36:35+00:00\",\"description\":\"Discover here our partners and friends. They support us, and we are sure they can help you too : hikes, food, beer, you can find all need here !\",\"breadcrumb\":{\"@id\":\"https:\/\/www.fontainecouture.fr\/en\/partners\/#breadcrumb\"},\"inLanguage\":\"en-US\",\"potentialAction\":[{\"@type\":\"ReadAction\",\"target\":[\"https:\/\/www.fontainecouture.fr\/en\/partners\/\"]}]},{\"@type\":\"BreadcrumbList\",\"@id\":\"https:\/\/www.fontainecouture.fr\/en\/partners\/#breadcrumb\",\"itemListElement\":[{\"@type\":\"ListItem\",\"position\":1,\"name\":\"Accueil\",\"item\":\"https:\/\/www.fontainecouture.fr\/en\/fontaine-couture-a-halt-in-themericourt-france\/\"},{\"@type\":\"ListItem\",\"position\":2,\"name\":\"Our partners\"}]},{\"@type\":\"WebSite\",\"@id\":\"https:\/\/www.fontainecouture.fr\/#website\",\"url\":\"https:\/\/www.fontainecouture.fr\/\",\"name\":\"Fontaine-Couture\",\"description\":\"G\u00eete d&#039;\u00e9tape \u00e0 Th\u00e9m\u00e9ricourt\",\"potentialAction\":[{\"@type\":\"SearchAction\",\"target\":{\"@type\":\"EntryPoint\",\"urlTemplate\":\"https:\/\/www.fontainecouture.fr\/?s={search_term_string}\"},\"query-input\":{\"@type\":\"PropertyValueSpecification\",\"valueRequired\":true,\"valueName\":\"search_term_string\"}}],\"inLanguage\":\"en-US\"}]}<\/script>\n<!-- \/ Yoast SEO plugin. -->","yoast_head_json":{"title":"Our partners - Le refuge Fontaine Couture, a halt in Th\u00e9m\u00e9ricourt","description":"Discover here our partners and friends. They support us, and we are sure they can help you too : hikes, food, beer, you can find all need here !","robots":{"index":"index","follow":"follow","max-snippet":"max-snippet:-1","max-image-preview":"max-image-preview:large","max-video-preview":"max-video-preview:-1"},"canonical":"https:\/\/www.fontainecouture.fr\/en\/partners\/","og_locale":"en_US","og_type":"article","og_title":"Our partners - Le refuge Fontaine Couture, a halt in Th\u00e9m\u00e9ricourt","og_description":"Discover here our partners and friends. They support us, and we are sure they can help you too : hikes, food, beer, you can find all need here !","og_url":"https:\/\/www.fontainecouture.fr\/en\/partners\/","og_site_name":"Fontaine-Couture","article_modified_time":"2021-06-27T14:36:35+00:00","twitter_card":"summary_large_image","twitter_misc":{"Est. reading time":"9 minutes"},"schema":{"@context":"https:\/\/schema.org","@graph":[{"@type":"WebPage","@id":"https:\/\/www.fontainecouture.fr\/en\/partners\/","url":"https:\/\/www.fontainecouture.fr\/en\/partners\/","name":"Our partners - Le refuge Fontaine Couture, a halt in Th\u00e9m\u00e9ricourt","isPartOf":{"@id":"https:\/\/www.fontainecouture.fr\/#website"},"datePublished":"2018-11-05T14:51:22+00:00","dateModified":"2021-06-27T14:36:35+00:00","description":"Discover here our partners and friends. They support us, and we are sure they can help you too : hikes, food, beer, you can find all need here !","breadcrumb":{"@id":"https:\/\/www.fontainecouture.fr\/en\/partners\/#breadcrumb"},"inLanguage":"en-US","potentialAction":[{"@type":"ReadAction","target":["https:\/\/www.fontainecouture.fr\/en\/partners\/"]}]},{"@type":"BreadcrumbList","@id":"https:\/\/www.fontainecouture.fr\/en\/partners\/#breadcrumb","itemListElement":[{"@type":"ListItem","position":1,"name":"Accueil","item":"https:\/\/www.fontainecouture.fr\/en\/fontaine-couture-a-halt-in-themericourt-france\/"},{"@type":"ListItem","position":2,"name":"Our partners"}]},{"@type":"WebSite","@id":"https:\/\/www.fontainecouture.fr\/#website","url":"https:\/\/www.fontainecouture.fr\/","name":"Fontaine-Couture","description":"G\u00eete d&#039;\u00e9tape \u00e0 Th\u00e9m\u00e9ricourt","potentialAction":[{"@type":"SearchAction","target":{"@type":"EntryPoint","urlTemplate":"https:\/\/www.fontainecouture.fr\/?s={search_term_string}"},"query-input":{"@type":"PropertyValueSpecification","valueRequired":true,"valueName":"search_term_string"}}],"inLanguage":"en-US"}]}},"_links":{"self":[{"href":"https:\/\/www.fontainecouture.fr\/en\/wp-json\/wp\/v2\/pages\/1406"}],"collection":[{"href":"https:\/\/www.fontainecouture.fr\/en\/wp-json\/wp\/v2\/pages"}],"about":[{"href":"https:\/\/www.fontainecouture.fr\/en\/wp-json\/wp\/v2\/types\/page"}],"author":[{"embeddable":true,"href":"https:\/\/www.fontainecouture.fr\/en\/wp-json\/wp\/v2\/users\/1"}],"replies":[{"embeddable":true,"href":"https:\/\/www.fontainecouture.fr\/en\/wp-json\/wp\/v2\/comments?post=1406"}],"version-history":[{"count":0,"href":"https:\/\/www.fontainecouture.fr\/en\/wp-json\/wp\/v2\/pages\/1406\/revisions"}],"wp:attachment":[{"href":"https:\/\/www.fontainecouture.fr\/en\/wp-json\/wp\/v2\/media?parent=1406"}],"curies":[{"name":"wp","href":"https:\/\/api.w.org\/{rel}","templated":true}]}}