{"id":1419,"date":"2018-11-05T16:36:32","date_gmt":"2018-11-05T15:36:32","guid":{"rendered":"https:\/\/www.fontainecouture.fr\/visiting-vexin\/"},"modified":"2024-05-31T11:06:53","modified_gmt":"2024-05-31T09:06:53","slug":"visiting-vexin","status":"publish","type":"page","link":"https:\/\/www.fontainecouture.fr\/en\/visiting-vexin\/","title":{"rendered":"Visiting Vexin"},"content":{"rendered":"<div class=\"wpb-content-wrapper\">[vc_row][vc_column][vc_empty_space height=&#8221;150px&#8221;][\/vc_column][\/vc_row][vc_row full_width=&#8221;stretch_row_content_no_spaces&#8221;][vc_column][vc_single_image image=&#8221;1674&#8243;][\/vc_column][\/vc_row][vc_section css=&#8221;.vc_custom_1539593801552{margin-bottom: 50px !important;}&#8221; visibility=&#8221;visible-phone&#8221;][vc_row css=&#8221;.vc_custom_1539364647188{margin-top: 20px !important;margin-bottom: 20px !important;}&#8221;][vc_column]<style>.vcex-heading.vcex_69f469e081b79{color:#000000;}<\/style><h1 class=\"vcex-heading vcex-heading-plain vcex-module wpex-heading wpex-text-2xl vc_custom_1539359525675 vcex_69f469e081b79\"><span class=\"vcex-heading-inner wpex-inline-block\">Around us<\/span><\/h1>[\/vc_column][\/vc_row][\/vc_section][vc_row css=&#8221;.vc_custom_1717144268290{margin-top: 50px !important;}&#8221;][vc_column][vc_column_text]\n<p style=\"text-align: center;\"><span style=\"font-size: 24px;\">The refuge Fontaine Couture is located at the heart of the Vexin Natural Parc. Discover more the area on Destination Vexin Fran\u00e7ais website.<\/span><\/p>\n[\/vc_column_text][vc_row_inner][vc_column_inner][vc_single_image image=&#8221;3380&#8243; onclick=&#8221;custom_link&#8221; link=&#8221;https:\/\/www.destination-vexin-francais.fr\/&#8221;][\/vc_column_inner][\/vc_row_inner][\/vc_column][\/vc_row][vc_section full_width=&#8221;stretch_row&#8221; content_placement=&#8221;middle&#8221; css=&#8221;.vc_custom_1539594785132{margin-top: 100px !important;margin-bottom: 80px !important;background-color: rgba(252,92,0,0.73) !important;*background-color: rgb(252,92,0) !important;}&#8221; local_scroll_id=&#8221;commerces&#8221;][vc_row css=&#8221;.vc_custom_1539594732516{margin-top: 50px !important;margin-bottom: 50px !important;}&#8221;][vc_column]<div class=\"vcex-heading vcex-heading-plain vcex-module wpex-heading wpex-text-2xl\"><span class=\"vcex-heading-inner wpex-inline-block\">Good things to eat around the refuge...<\/span><\/div>[\/vc_column][\/vc_row][vc_row remove_bottom_col_margin=&#8221;true&#8221; tablet_fullwidth_cols=&#8221;yes&#8221; css=&#8221;.vc_custom_1539594864794{margin-bottom: 80px !important;}&#8221;][vc_column]<style>.vcex-bullets.vcex_69f469e082d01{color:#000000;font-size:18px;}<\/style><div class=\"vcex-module vcex-bullets vcex-bullets--vertical vcex-bullets-ni vcex_69f469e082d01\">\n<ul role=\"list\">\n<li style=\"text-align: justify\">\u00a0\u2022\u00a0 \u00a0 \u00a0The best beer in the world is brexed 200m (true ! ) from the guest-house.<\/li>\n<li style=\"text-align: justify\">\u00a0\u2022\u00a0 \u00a0 \u00a0Local products available at the Maison du Parc shop, right in front of the guest-house.<\/li>\n<li style=\"text-align: justify\">\u00a0\u2022\u00a0 \u00a0 \u00a0Gastronomic restaurant &#8220;le clos du P\u00e9tillon&#8221;, down the street.<\/li>\n<li style=\"text-align: justify\">\u00a0\u2022\u00a0 \u00a0 \u00a0Grocery store, bakery and post office with cash withdrawal in Vigny (3km).<\/li>\n<li style=\"text-align: justify\">\u00a0\u2022\u00a0 \u00a0 \u00a0Butcher&#8217;s with groceries and bread selling in Avernes (2 km).<\/li>\n<\/ul>\n<\/div>[\/vc_column][\/vc_row][\/vc_section][vc_row][vc_column]<style>.vcex-button.vcex_69f469e08369f{border-radius:0px;background:#ffffff;color:#000000!important;width:180px;border:2px solid black;font-family:Muli;font-size:18px;}.vcex-button.vcex_69f469e08369f:hover{color:#000000!important;}<\/style><div class=\"vc_custom_1541317554167 wpex-clr\"><div class=\"theme-button-wrap textcenter wpex-clr\"><a href=\"https:\/\/fontainecouture.fr\/partenaires\" class=\"vcex-button theme-button flat black align-center inline bouton1 wpex-flex-shrink-0 local-scroll-link vcex_69f469e08369f\"><span class=\"vcex-button-inner theme-button-inner wpex-flex wpex-flex-wrap wpex-items-center wpex-justify-center\"><span class=\"vcex-button-icon vcex-icon-wrap theme-button-icon-left\"><span aria-hidden=\"true\" class=\"typcn typcn-arrow-right\"><\/span><\/span>Our partners<\/span><\/a><\/div><\/div> [\/vc_column][\/vc_row][vc_section full_width=&#8221;stretch_row&#8221;][\/vc_section]\n<\/div>","protected":false},"excerpt":{"rendered":"<p>[vc_row][vc_column][vc_empty_space height=&#8221;150px&#8221;][\/vc_column][\/vc_row][vc_row full_width=&#8221;stretch_row_content_no_spaces&#8221;][vc_column][vc_single_image image=&#8221;1674&#8243;][\/vc_column][\/vc_row][vc_section css=&#8221;.vc_custom_1539593801552{margin-bottom: 50px !important;}&#8221; visibility=&#8221;visible-phone&#8221;][vc_row css=&#8221;.vc_custom_1539364647188{margin-top: 20px !important;margin-bottom: 20px !important;}&#8221;][vc_column][\/vc_column][\/vc_row][\/vc_section][vc_row css=&#8221;.vc_custom_1717144268290{margin-top: 50px !important;}&#8221;][vc_column][vc_column_text] The refuge Fontaine Couture is located at the heart of the Vexin Natural Parc. Discover more the area on Destination Vexin Fran\u00e7ais website. [\/vc_column_text][vc_row_inner][vc_column_inner][vc_single_image image=&#8221;3380&#8243; onclick=&#8221;custom_link&#8221; link=&#8221;https:\/\/www.destination-vexin-francais.fr\/&#8221;][\/vc_column_inner][\/vc_row_inner][\/vc_column][\/vc_row][vc_section full_width=&#8221;stretch_row&#8221; content_placement=&#8221;middle&#8221; css=&#8221;.vc_custom_1539594785132{margin-top: 100px !important;margin-bottom: 80px !important;background-color: rgba(252,92,0,0.73) !important;*background-color: rgb(252,92,0) !important;}&#8221; local_scroll_id=&#8221;commerces&#8221;][vc_row&hellip;<\/p>\n","protected":false},"author":1,"featured_media":0,"parent":0,"menu_order":0,"comment_status":"closed","ping_status":"closed","template":"","meta":{"_exactmetrics_skip_tracking":false,"_exactmetrics_sitenote_active":false,"_exactmetrics_sitenote_note":"","_exactmetrics_sitenote_category":0,"footnotes":""},"class_list":["post-1419","page","type-page","status-publish","hentry","entry","no-media"],"yoast_head":"<!-- This site is optimized with the Yoast SEO plugin v25.1 - https:\/\/yoast.com\/wordpress\/plugins\/seo\/ -->\n<title>Visiting Vexin - Fontaine-Couture, a halt in Th\u00e9m\u00e9ricourt<\/title>\n<meta name=\"description\" content=\"Le Vexin est une mine d&#039;or pour les curieux : monuments, mus\u00e9es et patrimoine vernaculaire rythment les nombreux chemins qui traversent le parc.\" \/>\n<meta name=\"robots\" content=\"index, follow, max-snippet:-1, max-image-preview:large, max-video-preview:-1\" \/>\n<link rel=\"canonical\" href=\"https:\/\/www.fontainecouture.fr\/en\/visiting-vexin\/\" \/>\n<meta property=\"og:locale\" content=\"en_US\" \/>\n<meta property=\"og:type\" content=\"article\" \/>\n<meta property=\"og:title\" content=\"Visiting Vexin - Fontaine-Couture, a halt in Th\u00e9m\u00e9ricourt\" \/>\n<meta property=\"og:description\" content=\"Le Vexin est une mine d&#039;or pour les curieux : monuments, mus\u00e9es et patrimoine vernaculaire rythment les nombreux chemins qui traversent le parc.\" \/>\n<meta property=\"og:url\" content=\"https:\/\/www.fontainecouture.fr\/en\/visiting-vexin\/\" \/>\n<meta property=\"og:site_name\" content=\"Fontaine-Couture\" \/>\n<meta property=\"article:modified_time\" content=\"2024-05-31T09:06:53+00:00\" \/>\n<meta name=\"twitter:card\" content=\"summary_large_image\" \/>\n<meta name=\"twitter:label1\" content=\"Est. reading time\" \/>\n\t<meta name=\"twitter:data1\" content=\"2 minutes\" \/>\n<script type=\"application\/ld+json\" class=\"yoast-schema-graph\">{\"@context\":\"https:\/\/schema.org\",\"@graph\":[{\"@type\":\"WebPage\",\"@id\":\"https:\/\/www.fontainecouture.fr\/en\/visiting-vexin\/\",\"url\":\"https:\/\/www.fontainecouture.fr\/en\/visiting-vexin\/\",\"name\":\"Visiting Vexin - Fontaine-Couture, a halt in Th\u00e9m\u00e9ricourt\",\"isPartOf\":{\"@id\":\"https:\/\/www.fontainecouture.fr\/#website\"},\"datePublished\":\"2018-11-05T15:36:32+00:00\",\"dateModified\":\"2024-05-31T09:06:53+00:00\",\"description\":\"Le Vexin est une mine d'or pour les curieux : monuments, mus\u00e9es et patrimoine vernaculaire rythment les nombreux chemins qui traversent le parc.\",\"breadcrumb\":{\"@id\":\"https:\/\/www.fontainecouture.fr\/en\/visiting-vexin\/#breadcrumb\"},\"inLanguage\":\"en-US\",\"potentialAction\":[{\"@type\":\"ReadAction\",\"target\":[\"https:\/\/www.fontainecouture.fr\/en\/visiting-vexin\/\"]}]},{\"@type\":\"BreadcrumbList\",\"@id\":\"https:\/\/www.fontainecouture.fr\/en\/visiting-vexin\/#breadcrumb\",\"itemListElement\":[{\"@type\":\"ListItem\",\"position\":1,\"name\":\"Accueil\",\"item\":\"https:\/\/www.fontainecouture.fr\/en\/fontaine-couture-a-halt-in-themericourt-france\/\"},{\"@type\":\"ListItem\",\"position\":2,\"name\":\"Visiting Vexin\"}]},{\"@type\":\"WebSite\",\"@id\":\"https:\/\/www.fontainecouture.fr\/#website\",\"url\":\"https:\/\/www.fontainecouture.fr\/\",\"name\":\"Fontaine-Couture\",\"description\":\"G\u00eete d&#039;\u00e9tape \u00e0 Th\u00e9m\u00e9ricourt\",\"potentialAction\":[{\"@type\":\"SearchAction\",\"target\":{\"@type\":\"EntryPoint\",\"urlTemplate\":\"https:\/\/www.fontainecouture.fr\/?s={search_term_string}\"},\"query-input\":{\"@type\":\"PropertyValueSpecification\",\"valueRequired\":true,\"valueName\":\"search_term_string\"}}],\"inLanguage\":\"en-US\"}]}<\/script>\n<!-- \/ Yoast SEO plugin. -->","yoast_head_json":{"title":"Visiting Vexin - Fontaine-Couture, a halt in Th\u00e9m\u00e9ricourt","description":"Le Vexin est une mine d'or pour les curieux : monuments, mus\u00e9es et patrimoine vernaculaire rythment les nombreux chemins qui traversent le parc.","robots":{"index":"index","follow":"follow","max-snippet":"max-snippet:-1","max-image-preview":"max-image-preview:large","max-video-preview":"max-video-preview:-1"},"canonical":"https:\/\/www.fontainecouture.fr\/en\/visiting-vexin\/","og_locale":"en_US","og_type":"article","og_title":"Visiting Vexin - Fontaine-Couture, a halt in Th\u00e9m\u00e9ricourt","og_description":"Le Vexin est une mine d'or pour les curieux : monuments, mus\u00e9es et patrimoine vernaculaire rythment les nombreux chemins qui traversent le parc.","og_url":"https:\/\/www.fontainecouture.fr\/en\/visiting-vexin\/","og_site_name":"Fontaine-Couture","article_modified_time":"2024-05-31T09:06:53+00:00","twitter_card":"summary_large_image","twitter_misc":{"Est. reading time":"2 minutes"},"schema":{"@context":"https:\/\/schema.org","@graph":[{"@type":"WebPage","@id":"https:\/\/www.fontainecouture.fr\/en\/visiting-vexin\/","url":"https:\/\/www.fontainecouture.fr\/en\/visiting-vexin\/","name":"Visiting Vexin - Fontaine-Couture, a halt in Th\u00e9m\u00e9ricourt","isPartOf":{"@id":"https:\/\/www.fontainecouture.fr\/#website"},"datePublished":"2018-11-05T15:36:32+00:00","dateModified":"2024-05-31T09:06:53+00:00","description":"Le Vexin est une mine d'or pour les curieux : monuments, mus\u00e9es et patrimoine vernaculaire rythment les nombreux chemins qui traversent le parc.","breadcrumb":{"@id":"https:\/\/www.fontainecouture.fr\/en\/visiting-vexin\/#breadcrumb"},"inLanguage":"en-US","potentialAction":[{"@type":"ReadAction","target":["https:\/\/www.fontainecouture.fr\/en\/visiting-vexin\/"]}]},{"@type":"BreadcrumbList","@id":"https:\/\/www.fontainecouture.fr\/en\/visiting-vexin\/#breadcrumb","itemListElement":[{"@type":"ListItem","position":1,"name":"Accueil","item":"https:\/\/www.fontainecouture.fr\/en\/fontaine-couture-a-halt-in-themericourt-france\/"},{"@type":"ListItem","position":2,"name":"Visiting Vexin"}]},{"@type":"WebSite","@id":"https:\/\/www.fontainecouture.fr\/#website","url":"https:\/\/www.fontainecouture.fr\/","name":"Fontaine-Couture","description":"G\u00eete d&#039;\u00e9tape \u00e0 Th\u00e9m\u00e9ricourt","potentialAction":[{"@type":"SearchAction","target":{"@type":"EntryPoint","urlTemplate":"https:\/\/www.fontainecouture.fr\/?s={search_term_string}"},"query-input":{"@type":"PropertyValueSpecification","valueRequired":true,"valueName":"search_term_string"}}],"inLanguage":"en-US"}]}},"_links":{"self":[{"href":"https:\/\/www.fontainecouture.fr\/en\/wp-json\/wp\/v2\/pages\/1419"}],"collection":[{"href":"https:\/\/www.fontainecouture.fr\/en\/wp-json\/wp\/v2\/pages"}],"about":[{"href":"https:\/\/www.fontainecouture.fr\/en\/wp-json\/wp\/v2\/types\/page"}],"author":[{"embeddable":true,"href":"https:\/\/www.fontainecouture.fr\/en\/wp-json\/wp\/v2\/users\/1"}],"replies":[{"embeddable":true,"href":"https:\/\/www.fontainecouture.fr\/en\/wp-json\/wp\/v2\/comments?post=1419"}],"version-history":[{"count":12,"href":"https:\/\/www.fontainecouture.fr\/en\/wp-json\/wp\/v2\/pages\/1419\/revisions"}],"predecessor-version":[{"id":3444,"href":"https:\/\/www.fontainecouture.fr\/en\/wp-json\/wp\/v2\/pages\/1419\/revisions\/3444"}],"wp:attachment":[{"href":"https:\/\/www.fontainecouture.fr\/en\/wp-json\/wp\/v2\/media?parent=1419"}],"curies":[{"name":"wp","href":"https:\/\/api.w.org\/{rel}","templated":true}]}}